{"id":84881,"date":"2017-05-10T13:55:41","date_gmt":"2017-05-10T12:55:41","guid":{"rendered":"http:\/\/web.editorialteide.com\/producto\/peter-pan-catala\/"},"modified":"2026-03-02T18:50:23","modified_gmt":"2026-03-02T17:50:23","slug":"peter-pan-catala","status":"publish","type":"product","link":"https:\/\/web.editorialteide.com\/ca\/producte\/peter-pan-catala\/","title":{"rendered":"Peter Pan (Ja Llegim!)"},"content":{"rendered":"<p>Peter Pan convida la seva amiga Wendy al pa\u00eds de Mai M\u00e9s, on un no es fa mai gran. All\u00ed, Wendy coneix la fada Campaneta, el capit\u00e0 Hook i la colla de Peter, els Nens Perduts.<\/p>\n<p>P\u00e0gines: 72. Format: 21 x 27 cm<\/p>\n","protected":false},"excerpt":{"rendered":"<p>Peter Pan convida la seva amiga Wendy al pa\u00eds de Mai M\u00e9s, on un no es fa mai gran. All\u00ed, Wendy coneix la fada Campaneta, el capit\u00e0 Hook i la colla de Peter, els Nens Perduts. P\u00e0gines: 72. Format: 21 x 27 cm<\/p>\n","protected":false},"featured_media":108043,"template":"","meta":{"_links_to":"","_links_to_target":""},"product_brand":[],"product_cat":[195,202,205],"product_tag":[],"class_list":{"0":"post-84881","1":"product","2":"type-product","3":"status-publish","4":"has-post-thumbnail","6":"product_cat-catalunya-ca","7":"product_cat-comunidad-de-valencia-ca","8":"product_cat-illes-balears-ca","9":"pa_asignatura-llengua-ca","10":"pa_curso-1-epo-ca","11":"pa_format-llibre-text-ca","12":"pa_idioma-catalan-ca","14":"first","15":"instock","16":"taxable","17":"shipping-taxable","18":"purchasable","19":"product-type-simple"},"_links":{"self":[{"href":"https:\/\/web.editorialteide.com\/ca\/wp-json\/wp\/v2\/product\/84881","targetHints":{"allow":["GET"]}}],"collection":[{"href":"https:\/\/web.editorialteide.com\/ca\/wp-json\/wp\/v2\/product"}],"about":[{"href":"https:\/\/web.editorialteide.com\/ca\/wp-json\/wp\/v2\/types\/product"}],"wp:featuredmedia":[{"embeddable":true,"href":"https:\/\/web.editorialteide.com\/ca\/wp-json\/wp\/v2\/media\/108043"}],"wp:attachment":[{"href":"https:\/\/web.editorialteide.com\/ca\/wp-json\/wp\/v2\/media?parent=84881"}],"wp:term":[{"taxonomy":"product_brand","embeddable":true,"href":"https:\/\/web.editorialteide.com\/ca\/wp-json\/wp\/v2\/product_brand?post=84881"},{"taxonomy":"product_cat","embeddable":true,"href":"https:\/\/web.editorialteide.com\/ca\/wp-json\/wp\/v2\/product_cat?post=84881"},{"taxonomy":"product_tag","embeddable":true,"href":"https:\/\/web.editorialteide.com\/ca\/wp-json\/wp\/v2\/product_tag?post=84881"}],"curies":[{"name":"wp","href":"https:\/\/api.w.org\/{rel}","templated":true}]}}