{"id":84889,"date":"2017-05-10T13:55:36","date_gmt":"2017-05-10T12:55:36","guid":{"rendered":"http:\/\/web.editorialteide.com\/producto\/en-joan-sense-por\/"},"modified":"2026-03-02T18:50:23","modified_gmt":"2026-03-02T17:50:23","slug":"en-joan-sense-por","status":"publish","type":"product","link":"https:\/\/web.editorialteide.com\/ca\/producte\/en-joan-sense-por\/","title":{"rendered":"En Joan sense por (Ja Llegim!)"},"content":{"rendered":"<p>En Joan no sap qu\u00e8 \u00e9s la por. Un bon dia decideix marxar de casa per esbrinar-ho. Intentar\u00e0 descobrir qu\u00e8 \u00e9s de moltes maneres, per\u00f2, finalment, la trobar\u00e0 all\u00e0 on no s\u2019ho esperava.<\/p>\n<p>P\u00e0gines: 48. Format: 21 x 27 cm<\/p>\n","protected":false},"excerpt":{"rendered":"<p>En Joan no sap qu\u00e8 \u00e9s la por. Un bon dia decideix marxar de casa per esbrinar-ho. Intentar\u00e0 descobrir qu\u00e8 \u00e9s de moltes maneres, per\u00f2, finalment, la trobar\u00e0 all\u00e0 on no s\u2019ho esperava. P\u00e0gines: 48. Format: 21 x 27 cm<\/p>\n","protected":false},"featured_media":108035,"template":"","meta":{"_links_to":"","_links_to_target":""},"product_brand":[],"product_cat":[195,202,205],"product_tag":[],"class_list":{"0":"post-84889","1":"product","2":"type-product","3":"status-publish","4":"has-post-thumbnail","6":"product_cat-catalunya-ca","7":"product_cat-comunidad-de-valencia-ca","8":"product_cat-illes-balears-ca","9":"pa_asignatura-llengua-ca","10":"pa_curso-1-epo-ca","11":"pa_format-llibre-text-ca","12":"pa_idioma-catalan-ca","14":"first","15":"instock","16":"taxable","17":"shipping-taxable","18":"purchasable","19":"product-type-simple"},"_links":{"self":[{"href":"https:\/\/web.editorialteide.com\/ca\/wp-json\/wp\/v2\/product\/84889","targetHints":{"allow":["GET"]}}],"collection":[{"href":"https:\/\/web.editorialteide.com\/ca\/wp-json\/wp\/v2\/product"}],"about":[{"href":"https:\/\/web.editorialteide.com\/ca\/wp-json\/wp\/v2\/types\/product"}],"wp:featuredmedia":[{"embeddable":true,"href":"https:\/\/web.editorialteide.com\/ca\/wp-json\/wp\/v2\/media\/108035"}],"wp:attachment":[{"href":"https:\/\/web.editorialteide.com\/ca\/wp-json\/wp\/v2\/media?parent=84889"}],"wp:term":[{"taxonomy":"product_brand","embeddable":true,"href":"https:\/\/web.editorialteide.com\/ca\/wp-json\/wp\/v2\/product_brand?post=84889"},{"taxonomy":"product_cat","embeddable":true,"href":"https:\/\/web.editorialteide.com\/ca\/wp-json\/wp\/v2\/product_cat?post=84889"},{"taxonomy":"product_tag","embeddable":true,"href":"https:\/\/web.editorialteide.com\/ca\/wp-json\/wp\/v2\/product_tag?post=84889"}],"curies":[{"name":"wp","href":"https:\/\/api.w.org\/{rel}","templated":true}]}}