{"id":84897,"date":"2017-05-10T13:55:32","date_gmt":"2017-05-10T12:55:32","guid":{"rendered":"http:\/\/web.editorialteide.com\/producto\/el-castell-de-les-set-torres\/"},"modified":"2026-03-02T18:50:22","modified_gmt":"2026-03-02T17:50:22","slug":"el-castell-de-les-set-torres","status":"publish","type":"product","link":"https:\/\/web.editorialteide.com\/ca\/producte\/el-castell-de-les-set-torres\/","title":{"rendered":"El castell de les set torres (Ja Llegim!)"},"content":{"rendered":"<p>Un home molt pobre s\u2019ha d\u2019acomiadar de les seves tres filles, que emprenen un llarg viatge. Les noies arriben al castell de les set torres, on un gegant intentar\u00e0 menjar-se-les. Entre totes tres, per\u00f2, aconseguiran enredar-lo i fugir del perill.<\/p>\n<p>P\u00e0gines: 36. Format: 21 x 27 cm<\/p>\n","protected":false},"excerpt":{"rendered":"<p>Un home molt pobre s\u2019ha d\u2019acomiadar de les seves tres filles, que emprenen un llarg viatge. Les noies arriben al castell de les set torres, on un gegant intentar\u00e0 menjar-se-les. Entre totes tres, per\u00f2, aconseguiran enredar-lo i fugir del perill. P\u00e0gines: 36. Format: 21 x 27 cm<\/p>\n","protected":false},"featured_media":157288,"template":"","meta":{"_links_to":"","_links_to_target":""},"product_brand":[],"product_cat":[195,202,205],"product_tag":[],"class_list":{"0":"post-84897","1":"product","2":"type-product","3":"status-publish","4":"has-post-thumbnail","6":"product_cat-catalunya-ca","7":"product_cat-comunidad-de-valencia-ca","8":"product_cat-illes-balears-ca","9":"pa_asignatura-llengua-ca","10":"pa_curso-1-epo-ca","11":"pa_format-llibre-text-ca","12":"pa_idioma-catalan-ca","14":"first","15":"instock","16":"taxable","17":"shipping-taxable","18":"purchasable","19":"product-type-simple"},"_links":{"self":[{"href":"https:\/\/web.editorialteide.com\/ca\/wp-json\/wp\/v2\/product\/84897","targetHints":{"allow":["GET"]}}],"collection":[{"href":"https:\/\/web.editorialteide.com\/ca\/wp-json\/wp\/v2\/product"}],"about":[{"href":"https:\/\/web.editorialteide.com\/ca\/wp-json\/wp\/v2\/types\/product"}],"wp:featuredmedia":[{"embeddable":true,"href":"https:\/\/web.editorialteide.com\/ca\/wp-json\/wp\/v2\/media\/157288"}],"wp:attachment":[{"href":"https:\/\/web.editorialteide.com\/ca\/wp-json\/wp\/v2\/media?parent=84897"}],"wp:term":[{"taxonomy":"product_brand","embeddable":true,"href":"https:\/\/web.editorialteide.com\/ca\/wp-json\/wp\/v2\/product_brand?post=84897"},{"taxonomy":"product_cat","embeddable":true,"href":"https:\/\/web.editorialteide.com\/ca\/wp-json\/wp\/v2\/product_cat?post=84897"},{"taxonomy":"product_tag","embeddable":true,"href":"https:\/\/web.editorialteide.com\/ca\/wp-json\/wp\/v2\/product_tag?post=84897"}],"curies":[{"name":"wp","href":"https:\/\/api.w.org\/{rel}","templated":true}]}}