{"id":84917,"date":"2017-05-10T13:55:21","date_gmt":"2017-05-10T12:55:21","guid":{"rendered":"http:\/\/web.editorialteide.com\/producto\/sandokan-cat-b-e\/"},"modified":"2026-03-02T18:50:34","modified_gmt":"2026-03-02T17:50:34","slug":"sandokan-cat-b-e","status":"publish","type":"product","link":"https:\/\/web.editorialteide.com\/ca\/producte\/sandokan-cat-b-e\/","title":{"rendered":"Sandokan (Biblioteca Escolar)"},"content":{"rendered":"<p>Sandokan \u00e9s un jove pr\u00edncep de Borneo, destronat per l\u2019Imperi brit\u00e0nic i el sult\u00e0 de Varauni. Amb un grup de fidels seguidors es dedicar\u00e0 a la pirateria i viur\u00e0 tota mena d\u2019aventures lluitant contra els seus enemics. Ben aviat el coneixeran com \u00abel tigre de Mal\u00e0isia\u00bb.<\/p>\n<p>P\u00e0gines: 96. Format:23 x 28 cm<\/p>\n","protected":false},"excerpt":{"rendered":"<p>Sandokan \u00e9s un jove pr\u00edncep de Borneo, destronat per l\u2019Imperi brit\u00e0nic i el sult\u00e0 de Varauni. Amb un grup de fidels seguidors es dedicar\u00e0 a la pirateria i viur\u00e0 tota mena d\u2019aventures lluitant contra els seus enemics. Ben aviat el coneixeran com \u00abel tigre de Mal\u00e0isia\u00bb. P\u00e0gines: 96. Format:23 x 28 cm<\/p>\n","protected":false},"featured_media":157837,"template":"","meta":{"_links_to":"","_links_to_target":""},"product_brand":[],"product_cat":[195,202,205],"product_tag":[],"class_list":{"0":"post-84917","1":"product","2":"type-product","3":"status-publish","4":"has-post-thumbnail","6":"product_cat-catalunya-ca","7":"product_cat-comunidad-de-valencia-ca","8":"product_cat-illes-balears-ca","9":"pa_asignatura-llengua-ca","10":"pa_curso-5-epo-ca","11":"pa_format-llibre-text-ca","12":"pa_idioma-catalan-ca","14":"first","15":"instock","16":"taxable","17":"shipping-taxable","18":"purchasable","19":"product-type-simple"},"_links":{"self":[{"href":"https:\/\/web.editorialteide.com\/ca\/wp-json\/wp\/v2\/product\/84917","targetHints":{"allow":["GET"]}}],"collection":[{"href":"https:\/\/web.editorialteide.com\/ca\/wp-json\/wp\/v2\/product"}],"about":[{"href":"https:\/\/web.editorialteide.com\/ca\/wp-json\/wp\/v2\/types\/product"}],"wp:featuredmedia":[{"embeddable":true,"href":"https:\/\/web.editorialteide.com\/ca\/wp-json\/wp\/v2\/media\/157837"}],"wp:attachment":[{"href":"https:\/\/web.editorialteide.com\/ca\/wp-json\/wp\/v2\/media?parent=84917"}],"wp:term":[{"taxonomy":"product_brand","embeddable":true,"href":"https:\/\/web.editorialteide.com\/ca\/wp-json\/wp\/v2\/product_brand?post=84917"},{"taxonomy":"product_cat","embeddable":true,"href":"https:\/\/web.editorialteide.com\/ca\/wp-json\/wp\/v2\/product_cat?post=84917"},{"taxonomy":"product_tag","embeddable":true,"href":"https:\/\/web.editorialteide.com\/ca\/wp-json\/wp\/v2\/product_tag?post=84917"}],"curies":[{"name":"wp","href":"https:\/\/api.w.org\/{rel}","templated":true}]}}