{"id":84973,"date":"2017-05-10T13:54:48","date_gmt":"2017-05-10T12:54:48","guid":{"rendered":"http:\/\/web.editorialteide.com\/producto\/el-gos-dels-baskerville-b-e\/"},"modified":"2026-03-02T18:50:06","modified_gmt":"2026-03-02T17:50:06","slug":"el-gos-dels-baskerville-b-e","status":"publish","type":"product","link":"https:\/\/web.editorialteide.com\/ca\/producte\/el-gos-dels-baskerville-b-e\/","title":{"rendered":"El gos dels Baskerville (Biblioteca Escolar)"},"content":{"rendered":"<p>Un nou cas per a en Sherlock Holmes i el seu fidel amic, el doctor Watson! L\u2019estranya mort de sir Charles Baskerville i la terrible llegenda del gos monstru\u00f3s que persegueix els Baskerville des de fa d\u00e8cades obliguen en Watson a traslladar-se al comtat de Devon per iniciar-hi la investigaci\u00f3.<\/p>\n<p>P\u00e0gines: 120. Format: 23 x 28 cm<\/p>\n","protected":false},"excerpt":{"rendered":"<p>Un nou cas per a en Sherlock Holmes i el seu fidel amic, el doctor Watson! L\u2019estranya mort de sir Charles Baskerville i la terrible llegenda del gos monstru\u00f3s que persegueix els Baskerville des de fa d\u00e8cades obliguen en Watson a traslladar-se al comtat de Devon per iniciar-hi la investigaci\u00f3. P\u00e0gines: 120. Format: 23 x &hellip; <a href=\"https:\/\/web.editorialteide.com\/ca\/producte\/el-gos-dels-baskerville-b-e\/\">Llegir m\u00e9s<\/a><\/p>\n","protected":false},"featured_media":157457,"template":"","meta":{"_links_to":"","_links_to_target":""},"product_brand":[],"product_cat":[195,202,205],"product_tag":[],"class_list":{"0":"post-84973","1":"product","2":"type-product","3":"status-publish","4":"has-post-thumbnail","6":"product_cat-catalunya-ca","7":"product_cat-comunidad-de-valencia-ca","8":"product_cat-illes-balears-ca","9":"pa_asignatura-llengua-ca","10":"pa_curso-5-epo-ca","11":"pa_format-llibre-text-ca","13":"first","14":"instock","15":"taxable","16":"shipping-taxable","17":"purchasable","18":"product-type-simple"},"_links":{"self":[{"href":"https:\/\/web.editorialteide.com\/ca\/wp-json\/wp\/v2\/product\/84973","targetHints":{"allow":["GET"]}}],"collection":[{"href":"https:\/\/web.editorialteide.com\/ca\/wp-json\/wp\/v2\/product"}],"about":[{"href":"https:\/\/web.editorialteide.com\/ca\/wp-json\/wp\/v2\/types\/product"}],"wp:featuredmedia":[{"embeddable":true,"href":"https:\/\/web.editorialteide.com\/ca\/wp-json\/wp\/v2\/media\/157457"}],"wp:attachment":[{"href":"https:\/\/web.editorialteide.com\/ca\/wp-json\/wp\/v2\/media?parent=84973"}],"wp:term":[{"taxonomy":"product_brand","embeddable":true,"href":"https:\/\/web.editorialteide.com\/ca\/wp-json\/wp\/v2\/product_brand?post=84973"},{"taxonomy":"product_cat","embeddable":true,"href":"https:\/\/web.editorialteide.com\/ca\/wp-json\/wp\/v2\/product_cat?post=84973"},{"taxonomy":"product_tag","embeddable":true,"href":"https:\/\/web.editorialteide.com\/ca\/wp-json\/wp\/v2\/product_tag?post=84973"}],"curies":[{"name":"wp","href":"https:\/\/api.w.org\/{rel}","templated":true}]}}