{"id":84981,"date":"2017-05-10T13:54:44","date_gmt":"2017-05-10T12:54:44","guid":{"rendered":"http:\/\/web.editorialteide.com\/producto\/dracula-cat-b-e\/"},"modified":"2026-03-02T18:50:06","modified_gmt":"2026-03-02T17:50:06","slug":"dracula-cat-b-e","status":"publish","type":"product","link":"https:\/\/web.editorialteide.com\/ca\/producte\/dracula-cat-b-e\/","title":{"rendered":"Dr\u00e0cula (Biblioteca Escolar)"},"content":{"rendered":"<p>En Jonathan Harker, un jove angl\u00e8s, ha de viatjar al castell del comte Dr\u00e0cula, a Transsilv\u00e0nia. Una vegada all\u00e0, s\u2019horroritza a causa dels estranys costums nocturns del comte i, a m\u00e9s, descobreix que ell mateix s\u2019ha convertit en presoner. En aquestes circumst\u00e0ncies, no pot impedir que aquest es desplaci a Londres per buscar-hi v\u00edctimes a qui xuclar la sang.<\/p>\n<p>P\u00e0gines: 120. Format: 23 x 28 cm<\/p>\n","protected":false},"excerpt":{"rendered":"<p>En Jonathan Harker, un jove angl\u00e8s, ha de viatjar al castell del comte Dr\u00e0cula, a Transsilv\u00e0nia. Una vegada all\u00e0, s\u2019horroritza a causa dels estranys costums nocturns del comte i, a m\u00e9s, descobreix que ell mateix s\u2019ha convertit en presoner. En aquestes circumst\u00e0ncies, no pot impedir que aquest es desplaci a Londres per buscar-hi v\u00edctimes a &hellip; <a href=\"https:\/\/web.editorialteide.com\/ca\/producte\/dracula-cat-b-e\/\">Llegir m\u00e9s<\/a><\/p>\n","protected":false},"featured_media":157882,"template":"","meta":{"_links_to":"","_links_to_target":""},"product_brand":[],"product_cat":[195,202,205],"product_tag":[],"class_list":{"0":"post-84981","1":"product","2":"type-product","3":"status-publish","4":"has-post-thumbnail","6":"product_cat-catalunya-ca","7":"product_cat-comunidad-de-valencia-ca","8":"product_cat-illes-balears-ca","9":"pa_asignatura-llengua-ca","10":"pa_curso-5-epo-ca","11":"pa_format-llibre-text-ca","13":"first","14":"instock","15":"taxable","16":"shipping-taxable","17":"purchasable","18":"product-type-simple"},"_links":{"self":[{"href":"https:\/\/web.editorialteide.com\/ca\/wp-json\/wp\/v2\/product\/84981","targetHints":{"allow":["GET"]}}],"collection":[{"href":"https:\/\/web.editorialteide.com\/ca\/wp-json\/wp\/v2\/product"}],"about":[{"href":"https:\/\/web.editorialteide.com\/ca\/wp-json\/wp\/v2\/types\/product"}],"wp:featuredmedia":[{"embeddable":true,"href":"https:\/\/web.editorialteide.com\/ca\/wp-json\/wp\/v2\/media\/157882"}],"wp:attachment":[{"href":"https:\/\/web.editorialteide.com\/ca\/wp-json\/wp\/v2\/media?parent=84981"}],"wp:term":[{"taxonomy":"product_brand","embeddable":true,"href":"https:\/\/web.editorialteide.com\/ca\/wp-json\/wp\/v2\/product_brand?post=84981"},{"taxonomy":"product_cat","embeddable":true,"href":"https:\/\/web.editorialteide.com\/ca\/wp-json\/wp\/v2\/product_cat?post=84981"},{"taxonomy":"product_tag","embeddable":true,"href":"https:\/\/web.editorialteide.com\/ca\/wp-json\/wp\/v2\/product_tag?post=84981"}],"curies":[{"name":"wp","href":"https:\/\/api.w.org\/{rel}","templated":true}]}}