{"id":84989,"date":"2017-05-10T13:54:39","date_gmt":"2017-05-10T12:54:39","guid":{"rendered":"http:\/\/web.editorialteide.com\/producto\/lilla-del-tresor-b-e\/"},"modified":"2026-03-02T18:50:00","modified_gmt":"2026-03-02T17:50:00","slug":"lilla-del-tresor-b-e","status":"publish","type":"product","link":"https:\/\/web.editorialteide.com\/ca\/producte\/lilla-del-tresor-b-e\/","title":{"rendered":"L&#8217;illa del tresor (Biblioteca Escolar)"},"content":{"rendered":"<p>Un dia, un noi anomenat Jim Hawkins troba el mapa d\u2019una illa deserta al cofre d\u2019un vell pirata que acaba de morir a l\u2019hostal dels seus pares. Al mapa s\u2019indica el lloc on est\u00e0 enterrat el fabul\u00f3s tresor del capit\u00e0 Flint, un dels pirates m\u00e9s temuts i sanguinaris dels mars del Sud.<\/p>\n<p>P\u00e0gines: 96. Format: 23 x 28 cm<\/p>\n","protected":false},"excerpt":{"rendered":"<p>Un dia, un noi anomenat Jim Hawkins troba el mapa d\u2019una illa deserta al cofre d\u2019un vell pirata que acaba de morir a l\u2019hostal dels seus pares. Al mapa s\u2019indica el lloc on est\u00e0 enterrat el fabul\u00f3s tresor del capit\u00e0 Flint, un dels pirates m\u00e9s temuts i sanguinaris dels mars del Sud. P\u00e0gines: 96. Format: &hellip; <a href=\"https:\/\/web.editorialteide.com\/ca\/producte\/lilla-del-tresor-b-e\/\">Llegir m\u00e9s<\/a><\/p>\n","protected":false},"featured_media":157031,"template":"","meta":{"_links_to":"","_links_to_target":""},"product_brand":[],"product_cat":[195,202,205],"product_tag":[],"class_list":{"0":"post-84989","1":"product","2":"type-product","3":"status-publish","4":"has-post-thumbnail","6":"product_cat-catalunya-ca","7":"product_cat-comunidad-de-valencia-ca","8":"product_cat-illes-balears-ca","9":"pa_asignatura-llengua-ca","10":"pa_curso-5-epo-ca","11":"pa_format-llibre-text-ca","13":"first","14":"instock","15":"taxable","16":"shipping-taxable","17":"purchasable","18":"product-type-simple"},"_links":{"self":[{"href":"https:\/\/web.editorialteide.com\/ca\/wp-json\/wp\/v2\/product\/84989","targetHints":{"allow":["GET"]}}],"collection":[{"href":"https:\/\/web.editorialteide.com\/ca\/wp-json\/wp\/v2\/product"}],"about":[{"href":"https:\/\/web.editorialteide.com\/ca\/wp-json\/wp\/v2\/types\/product"}],"wp:featuredmedia":[{"embeddable":true,"href":"https:\/\/web.editorialteide.com\/ca\/wp-json\/wp\/v2\/media\/157031"}],"wp:attachment":[{"href":"https:\/\/web.editorialteide.com\/ca\/wp-json\/wp\/v2\/media?parent=84989"}],"wp:term":[{"taxonomy":"product_brand","embeddable":true,"href":"https:\/\/web.editorialteide.com\/ca\/wp-json\/wp\/v2\/product_brand?post=84989"},{"taxonomy":"product_cat","embeddable":true,"href":"https:\/\/web.editorialteide.com\/ca\/wp-json\/wp\/v2\/product_cat?post=84989"},{"taxonomy":"product_tag","embeddable":true,"href":"https:\/\/web.editorialteide.com\/ca\/wp-json\/wp\/v2\/product_tag?post=84989"}],"curies":[{"name":"wp","href":"https:\/\/api.w.org\/{rel}","templated":true}]}}