{"id":84993,"date":"2017-05-10T13:54:37","date_gmt":"2017-05-10T12:54:37","guid":{"rendered":"http:\/\/web.editorialteide.com\/producto\/la-meravellosa-historia-de-peter-schlemihlb-e\/"},"modified":"2026-03-02T18:50:02","modified_gmt":"2026-03-02T17:50:02","slug":"la-meravellosa-historia-de-peter-schlemihlb-e","status":"publish","type":"product","link":"https:\/\/web.editorialteide.com\/ca\/producte\/la-meravellosa-historia-de-peter-schlemihlb-e\/","title":{"rendered":"La meravellosa hist\u00f2ria de Peter Schlemihl (Biblioteca Escolar)"},"content":{"rendered":"<p>Relat fant\u00e0stic que explica com un jove molt imprudent ven la seva ombra a un personatge misteri\u00f3s a canvi d\u2019una bossa d\u2019or m\u00e0gica. Aquesta decisi\u00f3 li donar\u00e0 m\u00e9s problemes que satisfaccions, perqu\u00e8 ning\u00fa no accepta un home sense ombra.<\/p>\n<p>P\u00e0gines: 96. Format: 23 x 28 cm<\/p>\n","protected":false},"excerpt":{"rendered":"<p>Relat fant\u00e0stic que explica com un jove molt imprudent ven la seva ombra a un personatge misteri\u00f3s a canvi d\u2019una bossa d\u2019or m\u00e0gica. Aquesta decisi\u00f3 li donar\u00e0 m\u00e9s problemes que satisfaccions, perqu\u00e8 ning\u00fa no accepta un home sense ombra. P\u00e0gines: 96. Format: 23 x 28 cm<\/p>\n","protected":false},"featured_media":157464,"template":"","meta":{"_links_to":"","_links_to_target":""},"product_brand":[],"product_cat":[195,202,205],"product_tag":[],"class_list":{"0":"post-84993","1":"product","2":"type-product","3":"status-publish","4":"has-post-thumbnail","6":"product_cat-catalunya-ca","7":"product_cat-comunidad-de-valencia-ca","8":"product_cat-illes-balears-ca","9":"pa_asignatura-llengua-ca","10":"pa_curso-3-epo-ca","11":"pa_format-llibre-text-ca","13":"first","14":"instock","15":"taxable","16":"shipping-taxable","17":"purchasable","18":"product-type-simple"},"_links":{"self":[{"href":"https:\/\/web.editorialteide.com\/ca\/wp-json\/wp\/v2\/product\/84993","targetHints":{"allow":["GET"]}}],"collection":[{"href":"https:\/\/web.editorialteide.com\/ca\/wp-json\/wp\/v2\/product"}],"about":[{"href":"https:\/\/web.editorialteide.com\/ca\/wp-json\/wp\/v2\/types\/product"}],"wp:featuredmedia":[{"embeddable":true,"href":"https:\/\/web.editorialteide.com\/ca\/wp-json\/wp\/v2\/media\/157464"}],"wp:attachment":[{"href":"https:\/\/web.editorialteide.com\/ca\/wp-json\/wp\/v2\/media?parent=84993"}],"wp:term":[{"taxonomy":"product_brand","embeddable":true,"href":"https:\/\/web.editorialteide.com\/ca\/wp-json\/wp\/v2\/product_brand?post=84993"},{"taxonomy":"product_cat","embeddable":true,"href":"https:\/\/web.editorialteide.com\/ca\/wp-json\/wp\/v2\/product_cat?post=84993"},{"taxonomy":"product_tag","embeddable":true,"href":"https:\/\/web.editorialteide.com\/ca\/wp-json\/wp\/v2\/product_tag?post=84993"}],"curies":[{"name":"wp","href":"https:\/\/api.w.org\/{rel}","templated":true}]}}