{"id":85005,"date":"2017-05-10T13:54:31","date_gmt":"2017-05-10T12:54:31","guid":{"rendered":"http:\/\/web.editorialteide.com\/producto\/els-viatges-de-gulliver-b-e\/"},"modified":"2026-03-02T18:50:06","modified_gmt":"2026-03-02T17:50:06","slug":"els-viatges-de-gulliver-b-e","status":"publish","type":"product","link":"https:\/\/web.editorialteide.com\/ca\/producte\/els-viatges-de-gulliver-b-e\/","title":{"rendered":"Els viatges de Gulliver (Biblioteca Escolar)"},"content":{"rendered":"<p>En Gulliver somia ser metge i enrolar-se en un gran vaixell per solcar els mars. Per desgr\u00e0cia, quan finalment aconsegueix fer el primer viatge, esclata una forta tempesta i el vaixell en qu\u00e8 navega se\u2019n va a la deriva. La nau \u00e9s arrossegada pel corrent fins que arriba a un pa\u00eds habitat per uns \u00e9ssers diminuts, tan petits com el dit gros!<\/p>\n<p>P\u00e0gines: 72. Format: 23 x 28 cm.<\/p>\n","protected":false},"excerpt":{"rendered":"<p>En Gulliver somia ser metge i enrolar-se en un gran vaixell per solcar els mars. Per desgr\u00e0cia, quan finalment aconsegueix fer el primer viatge, esclata una forta tempesta i el vaixell en qu\u00e8 navega se\u2019n va a la deriva. La nau \u00e9s arrossegada pel corrent fins que arriba a un pa\u00eds habitat per uns \u00e9ssers &hellip; <a href=\"https:\/\/web.editorialteide.com\/ca\/producte\/els-viatges-de-gulliver-b-e\/\">Llegir m\u00e9s<\/a><\/p>\n","protected":false},"featured_media":157893,"template":"","meta":{"_links_to":"","_links_to_target":""},"product_brand":[],"product_cat":[195,202,205],"product_tag":[],"class_list":{"0":"post-85005","1":"product","2":"type-product","3":"status-publish","4":"has-post-thumbnail","6":"product_cat-catalunya-ca","7":"product_cat-comunidad-de-valencia-ca","8":"product_cat-illes-balears-ca","9":"pa_asignatura-llengua-ca","10":"pa_curso-3-epo-ca","11":"pa_format-llibre-text-ca","13":"first","14":"outofstock","15":"taxable","16":"shipping-taxable","17":"purchasable","18":"product-type-simple"},"_links":{"self":[{"href":"https:\/\/web.editorialteide.com\/ca\/wp-json\/wp\/v2\/product\/85005","targetHints":{"allow":["GET"]}}],"collection":[{"href":"https:\/\/web.editorialteide.com\/ca\/wp-json\/wp\/v2\/product"}],"about":[{"href":"https:\/\/web.editorialteide.com\/ca\/wp-json\/wp\/v2\/types\/product"}],"wp:featuredmedia":[{"embeddable":true,"href":"https:\/\/web.editorialteide.com\/ca\/wp-json\/wp\/v2\/media\/157893"}],"wp:attachment":[{"href":"https:\/\/web.editorialteide.com\/ca\/wp-json\/wp\/v2\/media?parent=85005"}],"wp:term":[{"taxonomy":"product_brand","embeddable":true,"href":"https:\/\/web.editorialteide.com\/ca\/wp-json\/wp\/v2\/product_brand?post=85005"},{"taxonomy":"product_cat","embeddable":true,"href":"https:\/\/web.editorialteide.com\/ca\/wp-json\/wp\/v2\/product_cat?post=85005"},{"taxonomy":"product_tag","embeddable":true,"href":"https:\/\/web.editorialteide.com\/ca\/wp-json\/wp\/v2\/product_tag?post=85005"}],"curies":[{"name":"wp","href":"https:\/\/api.w.org\/{rel}","templated":true}]}}