{"id":85013,"date":"2017-05-10T13:54:26","date_gmt":"2017-05-10T12:54:26","guid":{"rendered":"http:\/\/web.editorialteide.com\/producto\/les-aventures-de-pinotxo-b-e\/"},"modified":"2026-03-02T18:50:06","modified_gmt":"2026-03-02T17:50:06","slug":"les-aventures-de-pinotxo-b-e","status":"publish","type":"product","link":"https:\/\/web.editorialteide.com\/ca\/producte\/les-aventures-de-pinotxo-b-e\/","title":{"rendered":"Les aventures de Pinotxo (Biblioteca Escolar)"},"content":{"rendered":"<p>Quan el vell Geppetto fabrica en Pinotxo a partir d\u2019un tros de fusta, no es pot imaginar que el ninot cobrar\u00e0 vida ni que correr\u00e0 unes aventures incre\u00efbles. Des del primer moment, en Pinotxo \u00e9s entremaliat i mentider, i fa cas de les males influ\u00e8ncies. Per sort, la Fada dels cabells blaus l\u2019ajudar\u00e0 a convertir-se en un nen de deb\u00f2.<\/p>\n<p>P\u00e0gines: 120. Format: 23 x 28 cm.<\/p>\n","protected":false},"excerpt":{"rendered":"<p>Quan el vell Geppetto fabrica en Pinotxo a partir d\u2019un tros de fusta, no es pot imaginar que el ninot cobrar\u00e0 vida ni que correr\u00e0 unes aventures incre\u00efbles. Des del primer moment, en Pinotxo \u00e9s entremaliat i mentider, i fa cas de les males influ\u00e8ncies. Per sort, la Fada dels cabells blaus l\u2019ajudar\u00e0 a convertir-se &hellip; <a href=\"https:\/\/web.editorialteide.com\/ca\/producte\/les-aventures-de-pinotxo-b-e\/\">Llegir m\u00e9s<\/a><\/p>\n","protected":false},"featured_media":157468,"template":"","meta":{"_links_to":"","_links_to_target":""},"product_brand":[],"product_cat":[195,202,205],"product_tag":[],"class_list":{"0":"post-85013","1":"product","2":"type-product","3":"status-publish","4":"has-post-thumbnail","6":"product_cat-catalunya-ca","7":"product_cat-comunidad-de-valencia-ca","8":"product_cat-illes-balears-ca","9":"pa_asignatura-llengua-ca","10":"pa_curso-3-epo-ca","11":"pa_format-llibre-text-ca","13":"first","14":"instock","15":"taxable","16":"shipping-taxable","17":"purchasable","18":"product-type-simple"},"_links":{"self":[{"href":"https:\/\/web.editorialteide.com\/ca\/wp-json\/wp\/v2\/product\/85013","targetHints":{"allow":["GET"]}}],"collection":[{"href":"https:\/\/web.editorialteide.com\/ca\/wp-json\/wp\/v2\/product"}],"about":[{"href":"https:\/\/web.editorialteide.com\/ca\/wp-json\/wp\/v2\/types\/product"}],"wp:featuredmedia":[{"embeddable":true,"href":"https:\/\/web.editorialteide.com\/ca\/wp-json\/wp\/v2\/media\/157468"}],"wp:attachment":[{"href":"https:\/\/web.editorialteide.com\/ca\/wp-json\/wp\/v2\/media?parent=85013"}],"wp:term":[{"taxonomy":"product_brand","embeddable":true,"href":"https:\/\/web.editorialteide.com\/ca\/wp-json\/wp\/v2\/product_brand?post=85013"},{"taxonomy":"product_cat","embeddable":true,"href":"https:\/\/web.editorialteide.com\/ca\/wp-json\/wp\/v2\/product_cat?post=85013"},{"taxonomy":"product_tag","embeddable":true,"href":"https:\/\/web.editorialteide.com\/ca\/wp-json\/wp\/v2\/product_tag?post=85013"}],"curies":[{"name":"wp","href":"https:\/\/api.w.org\/{rel}","templated":true}]}}