{"id":85023,"date":"2017-05-10T13:54:20","date_gmt":"2017-05-10T12:54:20","guid":{"rendered":"http:\/\/web.editorialteide.com\/producto\/la-fletxa-negra-catb-t\/"},"modified":"2026-03-02T18:50:48","modified_gmt":"2026-03-02T17:50:48","slug":"la-fletxa-negra-catb-t","status":"publish","type":"product","link":"https:\/\/web.editorialteide.com\/ca\/producte\/la-fletxa-negra-catb-t\/","title":{"rendered":"La fletxa negra (Biblioteca Teide)"},"content":{"rendered":"<p>Des del cor del bosc, tot de fletxes negres ben precises surten a la recerca de les seves v\u00edctimes. Alg\u00fa que signa amb l&#8217;enigm\u00e0tic nom de John Amend-All, s&#8217;est\u00e0 venjant d&#8217;un crim del passat aniquilant alguns dels millors soldats de Sir Daniel Brackley, poder\u00f3s i temible se\u00f1or feudal de Holywood.. Just uns quants quil\u00f2metres m\u00e9s enll\u00e0, dos grans ex\u00e8rcits est\u00e1n a punt de lliurar una gran batalla. I Dick Shelton, un jove noble i valent protegit de Sir Daniel, no trigar\u00e0 a comprobar com la seva senzilla vida d&#8217;escuder canvia de cop i volta.<\/p>\n<p>Format: 144&#215;194 | 304 p\u00e0gines<\/p>\n<h2>Vincles d&#8217;inter\u00e8s<\/h2>\n<h3>Unitat 0<\/h3>\n<ul>\n<li><a href=\"http:\/\/didactalia.net\/comunidad\/materialeducativo\/recursos#sioc_t:Tag=castillos%20medievales\" target=\"_blank\" rel=\"noopener noreferrer\">P\u00e0gina 301, pregunta 20 \u2013 Enlla\u00e7 per a consulta<\/a><\/li>\n<li><a href=\"http:\/\/www.askarts.co.uk\/Links.html\" target=\"_blank\" rel=\"noopener noreferrer\">P\u00e0gina 302, pregunta 21 \u2013 Enlla\u00e7 per a consulta 01<\/a><\/li>\n<li><a href=\"http:\/\/es.wikipedia.org\/wiki\/Arco_largo_ingl\u00e9s\" target=\"_blank\" rel=\"noopener noreferrer\">P\u00e0gina 302, pregunta 21 \u2013 Enlla\u00e7 per a consulta 02<\/a><\/li>\n<li><a href=\"http:\/\/www.youtube.com\/watch?v=UU1BIBbuwbY&amp;feature=related\" target=\"_blank\" rel=\"noopener noreferrer\">P\u00e0gina 302, pregunta 23 \u2013 Enlla\u00e7os per a consulta 01<\/a><\/li>\n<li><a href=\"http:\/\/www.youtube.com\/watch?v=RqmwgOWsDeM&amp;feature=relmfu\" target=\"_blank\" rel=\"noopener noreferrer\">P\u00e0gina 302, pregunta 23 \u2013 Enlla\u00e7os per a consulta 02<\/a><\/li>\n<li><a href=\"http:\/\/www.youtube.com\/watch?v=f_OkL9p-djU&amp;feature=relmfu\" target=\"_blank\" rel=\"noopener noreferrer\">P\u00e0gina 302, pregunta 23 \u2013 Enlla\u00e7os per a consulta 03<\/a><\/li>\n<li><a href=\"http:\/\/www.abcguionistas.com\/novel\/receta.php\" target=\"_blank\" rel=\"noopener noreferrer\">P\u00e0gina 304, pregunta 24 \u2013 Enlla\u00e7 per a consulta<\/a><\/li>\n<\/ul>\n","protected":false},"excerpt":{"rendered":"<p>Des del cor del bosc, tot de fletxes negres ben precises surten a la recerca de les seves v\u00edctimes. Alg\u00fa que signa amb l&#8217;enigm\u00e0tic nom de John Amend-All, s&#8217;est\u00e0 venjant d&#8217;un crim del passat aniquilant alguns dels millors soldats de Sir Daniel Brackley, poder\u00f3s i temible se\u00f1or feudal de Holywood.. Just uns quants quil\u00f2metres m\u00e9s &hellip; <a href=\"https:\/\/web.editorialteide.com\/ca\/producte\/la-fletxa-negra-catb-t\/\">Llegir m\u00e9s<\/a><\/p>\n","protected":false},"featured_media":157899,"template":"","meta":{"_links_to":"","_links_to_target":""},"product_brand":[],"product_cat":[195,202,205],"product_tag":[],"class_list":{"0":"post-85023","1":"product","2":"type-product","3":"status-publish","4":"has-post-thumbnail","6":"product_cat-catalunya-ca","7":"product_cat-comunidad-de-valencia-ca","8":"product_cat-illes-balears-ca","9":"pa_asignatura-llengua-catalana-i-literatura-ca","10":"pa_curso-3-eso-ca","11":"pa_format-llibre-text-ca","12":"pa_idioma-catalan-ca","14":"first","15":"instock","16":"taxable","17":"shipping-taxable","18":"purchasable","19":"product-type-simple"},"_links":{"self":[{"href":"https:\/\/web.editorialteide.com\/ca\/wp-json\/wp\/v2\/product\/85023","targetHints":{"allow":["GET"]}}],"collection":[{"href":"https:\/\/web.editorialteide.com\/ca\/wp-json\/wp\/v2\/product"}],"about":[{"href":"https:\/\/web.editorialteide.com\/ca\/wp-json\/wp\/v2\/types\/product"}],"wp:featuredmedia":[{"embeddable":true,"href":"https:\/\/web.editorialteide.com\/ca\/wp-json\/wp\/v2\/media\/157899"}],"wp:attachment":[{"href":"https:\/\/web.editorialteide.com\/ca\/wp-json\/wp\/v2\/media?parent=85023"}],"wp:term":[{"taxonomy":"product_brand","embeddable":true,"href":"https:\/\/web.editorialteide.com\/ca\/wp-json\/wp\/v2\/product_brand?post=85023"},{"taxonomy":"product_cat","embeddable":true,"href":"https:\/\/web.editorialteide.com\/ca\/wp-json\/wp\/v2\/product_cat?post=85023"},{"taxonomy":"product_tag","embeddable":true,"href":"https:\/\/web.editorialteide.com\/ca\/wp-json\/wp\/v2\/product_tag?post=85023"}],"curies":[{"name":"wp","href":"https:\/\/api.w.org\/{rel}","templated":true}]}}