{"id":85041,"date":"2017-05-10T13:54:09","date_gmt":"2017-05-10T12:54:09","guid":{"rendered":"http:\/\/web.editorialteide.com\/producto\/la-volta-al-mon-en-vuitanta-dies-b-t\/"},"modified":"2026-03-02T18:50:38","modified_gmt":"2026-03-02T17:50:38","slug":"la-volta-al-mon-en-vuitanta-dies-b-t","status":"publish","type":"product","link":"https:\/\/web.editorialteide.com\/ca\/producte\/la-volta-al-mon-en-vuitanta-dies-b-t\/","title":{"rendered":"La volta al m\u00f3n en vuitanta dies (Biblioteca Teide)"},"content":{"rendered":"<p>Obra emblem\u00e0tica de Verne, <i>La volta al m\u00f3n en vuitanta dies<\/i> \u00e9s un cl\u00e0ssic de la novel\u00b7la d\u2019aventures. Phileas Fogg, el protagonista, assegura davant els seus col\u00b7legues del Reform Club de Londres que un home pot fer la volta al m\u00f3n en tan sols vuitanta dies. Per demostrar-ho, decideix fer el viatge, acompanyat del seu criat Passepartout.<\/p>\n<p>256 p\u00e0gines. Format: 19,4 x 14,4 cm<\/p>\n","protected":false},"excerpt":{"rendered":"<p>Obra emblem\u00e0tica de Verne, La volta al m\u00f3n en vuitanta dies \u00e9s un cl\u00e0ssic de la novel\u00b7la d\u2019aventures. Phileas Fogg, el protagonista, assegura davant els seus col\u00b7legues del Reform Club de Londres que un home pot fer la volta al m\u00f3n en tan sols vuitanta dies. Per demostrar-ho, decideix fer el viatge, acompanyat del seu &hellip; <a href=\"https:\/\/web.editorialteide.com\/ca\/producte\/la-volta-al-mon-en-vuitanta-dies-b-t\/\">Llegir m\u00e9s<\/a><\/p>\n","protected":false},"featured_media":150928,"template":"","meta":{"_links_to":"","_links_to_target":""},"product_brand":[],"product_cat":[195,202,205],"product_tag":[],"class_list":{"0":"post-85041","1":"product","2":"type-product","3":"status-publish","4":"has-post-thumbnail","6":"product_cat-catalunya-ca","7":"product_cat-comunidad-de-valencia-ca","8":"product_cat-illes-balears-ca","9":"pa_asignatura-llengua-catalana-i-literatura-ca","10":"pa_curso-2-eso-ca","11":"pa_format-llibre-text-ca","12":"pa_idioma-catalan-ca","14":"first","15":"instock","16":"taxable","17":"shipping-taxable","18":"purchasable","19":"product-type-simple"},"_links":{"self":[{"href":"https:\/\/web.editorialteide.com\/ca\/wp-json\/wp\/v2\/product\/85041","targetHints":{"allow":["GET"]}}],"collection":[{"href":"https:\/\/web.editorialteide.com\/ca\/wp-json\/wp\/v2\/product"}],"about":[{"href":"https:\/\/web.editorialteide.com\/ca\/wp-json\/wp\/v2\/types\/product"}],"wp:featuredmedia":[{"embeddable":true,"href":"https:\/\/web.editorialteide.com\/ca\/wp-json\/wp\/v2\/media\/150928"}],"wp:attachment":[{"href":"https:\/\/web.editorialteide.com\/ca\/wp-json\/wp\/v2\/media?parent=85041"}],"wp:term":[{"taxonomy":"product_brand","embeddable":true,"href":"https:\/\/web.editorialteide.com\/ca\/wp-json\/wp\/v2\/product_brand?post=85041"},{"taxonomy":"product_cat","embeddable":true,"href":"https:\/\/web.editorialteide.com\/ca\/wp-json\/wp\/v2\/product_cat?post=85041"},{"taxonomy":"product_tag","embeddable":true,"href":"https:\/\/web.editorialteide.com\/ca\/wp-json\/wp\/v2\/product_tag?post=85041"}],"curies":[{"name":"wp","href":"https:\/\/api.w.org\/{rel}","templated":true}]}}