{"id":85043,"date":"2017-05-10T13:54:08","date_gmt":"2017-05-10T12:54:08","guid":{"rendered":"http:\/\/web.editorialteide.com\/producto\/hamlet-cat-b-t\/"},"modified":"2026-03-02T18:50:31","modified_gmt":"2026-03-02T17:50:31","slug":"hamlet-cat-b-t","status":"publish","type":"product","link":"https:\/\/web.editorialteide.com\/ca\/producte\/hamlet-cat-b-t\/","title":{"rendered":"Hamlet (CATAL\u00c0)(Biblioteca Teide)"},"content":{"rendered":"<p>Obra ambientada a la cort de Dinamarca, en la qual Hamlet, pr\u00edncep hereu, assisteix a la mort del seu pare. El casament del seu oncle Claudi amb la seva mare i la seva ascensi\u00f3 al tron convenceran Hamlet de la implicaci\u00f3 de tots dos en la mort del rei.<\/p>\n<p>192 p\u00e0gines. Format: 19,4 x 14,4 cm<\/p>\n","protected":false},"excerpt":{"rendered":"<p>Obra ambientada a la cort de Dinamarca, en la qual Hamlet, pr\u00edncep hereu, assisteix a la mort del seu pare. El casament del seu oncle Claudi amb la seva mare i la seva ascensi\u00f3 al tron convenceran Hamlet de la implicaci\u00f3 de tots dos en la mort del rei. 192 p\u00e0gines. Format: 19,4 x 14,4 &hellip; <a href=\"https:\/\/web.editorialteide.com\/ca\/producte\/hamlet-cat-b-t\/\">Llegir m\u00e9s<\/a><\/p>\n","protected":false},"featured_media":130049,"template":"","meta":{"_links_to":"","_links_to_target":""},"product_brand":[],"product_cat":[195,202,205],"product_tag":[],"class_list":{"0":"post-85043","1":"product","2":"type-product","3":"status-publish","4":"has-post-thumbnail","6":"product_cat-catalunya-ca","7":"product_cat-comunidad-de-valencia-ca","8":"product_cat-illes-balears-ca","9":"pa_asignatura-llengua-catalana-i-literatura-ca","10":"pa_format-lectura-ca","11":"pa_idioma-catalan-ca","13":"first","14":"instock","15":"taxable","16":"shipping-taxable","17":"purchasable","18":"product-type-simple"},"_links":{"self":[{"href":"https:\/\/web.editorialteide.com\/ca\/wp-json\/wp\/v2\/product\/85043","targetHints":{"allow":["GET"]}}],"collection":[{"href":"https:\/\/web.editorialteide.com\/ca\/wp-json\/wp\/v2\/product"}],"about":[{"href":"https:\/\/web.editorialteide.com\/ca\/wp-json\/wp\/v2\/types\/product"}],"wp:featuredmedia":[{"embeddable":true,"href":"https:\/\/web.editorialteide.com\/ca\/wp-json\/wp\/v2\/media\/130049"}],"wp:attachment":[{"href":"https:\/\/web.editorialteide.com\/ca\/wp-json\/wp\/v2\/media?parent=85043"}],"wp:term":[{"taxonomy":"product_brand","embeddable":true,"href":"https:\/\/web.editorialteide.com\/ca\/wp-json\/wp\/v2\/product_brand?post=85043"},{"taxonomy":"product_cat","embeddable":true,"href":"https:\/\/web.editorialteide.com\/ca\/wp-json\/wp\/v2\/product_cat?post=85043"},{"taxonomy":"product_tag","embeddable":true,"href":"https:\/\/web.editorialteide.com\/ca\/wp-json\/wp\/v2\/product_tag?post=85043"}],"curies":[{"name":"wp","href":"https:\/\/api.w.org\/{rel}","templated":true}]}}