{"id":85047,"date":"2017-05-10T13:54:05","date_gmt":"2017-05-10T12:54:05","guid":{"rendered":"http:\/\/web.editorialteide.com\/producto\/jane-eyre-cat-b-t\/"},"modified":"2026-03-02T18:50:31","modified_gmt":"2026-03-02T17:50:31","slug":"jane-eyre-cat-b-t","status":"publish","type":"product","link":"https:\/\/web.editorialteide.com\/ca\/producte\/jane-eyre-cat-b-t\/","title":{"rendered":"Jane Eyre (CATAL\u00c0) (Biblioteca Teide)"},"content":{"rendered":"<p>La novel\u00b7la, que va convertir la seva autora en una de les novel\u00b7listes rom\u00e0ntiques m\u00e9s preuades, narra la hist\u00f2ria d\u2019una jove \u00f2rfena l\u2019afany de superaci\u00f3 de la qual li permetr\u00e0 v\u00e8ncer totes les adversitats. Valors com la lleialtat o l\u2019altruisme seran claus en el desenvolupament de l\u2019argument.<\/p>\n<p>304 p\u00e0gines. Format: 19,4 x 14,4 cm<\/p>\n","protected":false},"excerpt":{"rendered":"<p>La novel\u00b7la, que va convertir la seva autora en una de les novel\u00b7listes rom\u00e0ntiques m\u00e9s preuades, narra la hist\u00f2ria d\u2019una jove \u00f2rfena l\u2019afany de superaci\u00f3 de la qual li permetr\u00e0 v\u00e8ncer totes les adversitats. Valors com la lleialtat o l\u2019altruisme seran claus en el desenvolupament de l\u2019argument. 304 p\u00e0gines. Format: 19,4 x 14,4 cm<\/p>\n","protected":false},"featured_media":157913,"template":"","meta":{"_links_to":"","_links_to_target":""},"product_brand":[],"product_cat":[195,202,205],"product_tag":[],"class_list":{"0":"post-85047","1":"product","2":"type-product","3":"status-publish","4":"has-post-thumbnail","6":"product_cat-catalunya-ca","7":"product_cat-comunidad-de-valencia-ca","8":"product_cat-illes-balears-ca","9":"pa_asignatura-llengua-catalana-i-literatura-ca","10":"pa_curso-4-eso-ca","11":"pa_format-llibre-text-ca","12":"pa_idioma-catalan-ca","14":"first","15":"instock","16":"taxable","17":"shipping-taxable","18":"purchasable","19":"product-type-simple"},"_links":{"self":[{"href":"https:\/\/web.editorialteide.com\/ca\/wp-json\/wp\/v2\/product\/85047","targetHints":{"allow":["GET"]}}],"collection":[{"href":"https:\/\/web.editorialteide.com\/ca\/wp-json\/wp\/v2\/product"}],"about":[{"href":"https:\/\/web.editorialteide.com\/ca\/wp-json\/wp\/v2\/types\/product"}],"wp:featuredmedia":[{"embeddable":true,"href":"https:\/\/web.editorialteide.com\/ca\/wp-json\/wp\/v2\/media\/157913"}],"wp:attachment":[{"href":"https:\/\/web.editorialteide.com\/ca\/wp-json\/wp\/v2\/media?parent=85047"}],"wp:term":[{"taxonomy":"product_brand","embeddable":true,"href":"https:\/\/web.editorialteide.com\/ca\/wp-json\/wp\/v2\/product_brand?post=85047"},{"taxonomy":"product_cat","embeddable":true,"href":"https:\/\/web.editorialteide.com\/ca\/wp-json\/wp\/v2\/product_cat?post=85047"},{"taxonomy":"product_tag","embeddable":true,"href":"https:\/\/web.editorialteide.com\/ca\/wp-json\/wp\/v2\/product_tag?post=85047"}],"curies":[{"name":"wp","href":"https:\/\/api.w.org\/{rel}","templated":true}]}}