{"id":85059,"date":"2017-05-10T13:53:58","date_gmt":"2017-05-10T12:53:58","guid":{"rendered":"http:\/\/web.editorialteide.com\/producto\/els-viatges-de-gulliver-b-t\/"},"modified":"2026-03-02T18:50:26","modified_gmt":"2026-03-02T17:50:26","slug":"els-viatges-de-gulliver-b-t","status":"publish","type":"product","link":"https:\/\/web.editorialteide.com\/ca\/producte\/els-viatges-de-gulliver-b-t\/","title":{"rendered":"Els viatges de Gulliver (Biblioteca Teide)"},"content":{"rendered":"<p>Tot i que s\u2019ha convertit en un cl\u00e0ssic de la literatura juvenil, <em>Els viatges de Gulliver<\/em> planteja, amb un estil \u00e0gil i imaginatiu, una cr\u00edtica profunda a la societat anglesa de la primera meitat del segle XVIII. La narraci\u00f3 presenta, en forma de met\u00e0fora, una acurada revisi\u00f3 de la societat, la pol\u00edtica i, fins i tot, de la condici\u00f3 humana.<\/p>\n<p>192 p\u00e0gines: Format: 19,4 x 14,4<\/p>\n","protected":false},"excerpt":{"rendered":"<p>Tot i que s\u2019ha convertit en un cl\u00e0ssic de la literatura juvenil, Els viatges de Gulliver planteja, amb un estil \u00e0gil i imaginatiu, una cr\u00edtica profunda a la societat anglesa de la primera meitat del segle XVIII. La narraci\u00f3 presenta, en forma de met\u00e0fora, una acurada revisi\u00f3 de la societat, la pol\u00edtica i, fins i &hellip; <a href=\"https:\/\/web.editorialteide.com\/ca\/producte\/els-viatges-de-gulliver-b-t\/\">Llegir m\u00e9s<\/a><\/p>\n","protected":false},"featured_media":107863,"template":"","meta":{"_links_to":"","_links_to_target":""},"product_brand":[],"product_cat":[195,202,205],"product_tag":[],"class_list":{"0":"post-85059","1":"product","2":"type-product","3":"status-publish","4":"has-post-thumbnail","6":"product_cat-catalunya-ca","7":"product_cat-comunidad-de-valencia-ca","8":"product_cat-illes-balears-ca","9":"pa_asignatura-llengua-catalana-i-literatura-ca","10":"pa_curso-2-eso-ca","11":"pa_format-llibre-text-ca","12":"pa_idioma-catalan-ca","14":"first","15":"instock","16":"taxable","17":"shipping-taxable","18":"purchasable","19":"product-type-simple"},"_links":{"self":[{"href":"https:\/\/web.editorialteide.com\/ca\/wp-json\/wp\/v2\/product\/85059","targetHints":{"allow":["GET"]}}],"collection":[{"href":"https:\/\/web.editorialteide.com\/ca\/wp-json\/wp\/v2\/product"}],"about":[{"href":"https:\/\/web.editorialteide.com\/ca\/wp-json\/wp\/v2\/types\/product"}],"wp:featuredmedia":[{"embeddable":true,"href":"https:\/\/web.editorialteide.com\/ca\/wp-json\/wp\/v2\/media\/107863"}],"wp:attachment":[{"href":"https:\/\/web.editorialteide.com\/ca\/wp-json\/wp\/v2\/media?parent=85059"}],"wp:term":[{"taxonomy":"product_brand","embeddable":true,"href":"https:\/\/web.editorialteide.com\/ca\/wp-json\/wp\/v2\/product_brand?post=85059"},{"taxonomy":"product_cat","embeddable":true,"href":"https:\/\/web.editorialteide.com\/ca\/wp-json\/wp\/v2\/product_cat?post=85059"},{"taxonomy":"product_tag","embeddable":true,"href":"https:\/\/web.editorialteide.com\/ca\/wp-json\/wp\/v2\/product_tag?post=85059"}],"curies":[{"name":"wp","href":"https:\/\/api.w.org\/{rel}","templated":true}]}}