{"id":85063,"date":"2017-05-10T13:53:56","date_gmt":"2017-05-10T12:53:56","guid":{"rendered":"http:\/\/web.editorialteide.com\/producto\/les-mil-i-una-nits-b-t\/"},"modified":"2026-03-02T18:50:26","modified_gmt":"2026-03-02T17:50:26","slug":"les-mil-i-una-nits-b-t","status":"publish","type":"product","link":"https:\/\/web.editorialteide.com\/ca\/producte\/les-mil-i-una-nits-b-t\/","title":{"rendered":"Les mil i una nits (Biblioteca Teide)"},"content":{"rendered":"<p><em>Les mil i una nits<\/em> \u00e9s una compilaci\u00f3 de relats orientals que compr\u00e8n una extensa s\u00e8rie de contes provinents de les tradicions orals persa, \u00e0rab i \u00edndia. Presentem, en aquest llibre, uns quants relats d&#8217;aquesta compilaci\u00f3: \u00abHist\u00f2ria del rei Xahriar, el seu germ\u00e0 Xah Zaman i Xahrazad, la filla del visir\u00bb, \u00abEl pescador i el geni\u00bb, \u00abHist\u00f2ria d&#8217;Al\u00ed Bab\u00e0 i els quaranta lladres\u00bb, \u00abHist\u00f2ria del cavall encantat\u00bb i \u00abHist\u00f2ria d&#8217;Aladdin i la ll\u00e0ntia meravellosa\u00bb. El lligam entre les diferents narracions \u00e9s el personatge de la princesa Xahrazad, que, per conservar la vida, ha d&#8217;entretenir cada nit el seu marit, el sult\u00e0 Xahriar, amb una hist\u00f2ria extraordin\u00e0ria.<\/p>\n<p>272 p\u00e0gines. Format: 19,4 x 14,4 cm<\/p>\n","protected":false},"excerpt":{"rendered":"<p>Les mil i una nits \u00e9s una compilaci\u00f3 de relats orientals que compr\u00e8n una extensa s\u00e8rie de contes provinents de les tradicions orals persa, \u00e0rab i \u00edndia. Presentem, en aquest llibre, uns quants relats d&#8217;aquesta compilaci\u00f3: \u00abHist\u00f2ria del rei Xahriar, el seu germ\u00e0 Xah Zaman i Xahrazad, la filla del visir\u00bb, \u00abEl pescador i el &hellip; <a href=\"https:\/\/web.editorialteide.com\/ca\/producte\/les-mil-i-una-nits-b-t\/\">Llegir m\u00e9s<\/a><\/p>\n","protected":false},"featured_media":107859,"template":"","meta":{"_links_to":"","_links_to_target":""},"product_brand":[],"product_cat":[195,202,205],"product_tag":[],"class_list":{"0":"post-85063","1":"product","2":"type-product","3":"status-publish","4":"has-post-thumbnail","6":"product_cat-catalunya-ca","7":"product_cat-comunidad-de-valencia-ca","8":"product_cat-illes-balears-ca","9":"pa_asignatura-llengua-catalana-i-literatura-ca","10":"pa_curso-2-eso-ca","11":"pa_format-llibre-text-ca","12":"pa_idioma-catalan-ca","14":"first","15":"instock","16":"taxable","17":"shipping-taxable","18":"purchasable","19":"product-type-simple"},"_links":{"self":[{"href":"https:\/\/web.editorialteide.com\/ca\/wp-json\/wp\/v2\/product\/85063","targetHints":{"allow":["GET"]}}],"collection":[{"href":"https:\/\/web.editorialteide.com\/ca\/wp-json\/wp\/v2\/product"}],"about":[{"href":"https:\/\/web.editorialteide.com\/ca\/wp-json\/wp\/v2\/types\/product"}],"wp:featuredmedia":[{"embeddable":true,"href":"https:\/\/web.editorialteide.com\/ca\/wp-json\/wp\/v2\/media\/107859"}],"wp:attachment":[{"href":"https:\/\/web.editorialteide.com\/ca\/wp-json\/wp\/v2\/media?parent=85063"}],"wp:term":[{"taxonomy":"product_brand","embeddable":true,"href":"https:\/\/web.editorialteide.com\/ca\/wp-json\/wp\/v2\/product_brand?post=85063"},{"taxonomy":"product_cat","embeddable":true,"href":"https:\/\/web.editorialteide.com\/ca\/wp-json\/wp\/v2\/product_cat?post=85063"},{"taxonomy":"product_tag","embeddable":true,"href":"https:\/\/web.editorialteide.com\/ca\/wp-json\/wp\/v2\/product_tag?post=85063"}],"curies":[{"name":"wp","href":"https:\/\/api.w.org\/{rel}","templated":true}]}}