{"id":85067,"date":"2017-05-10T13:53:54","date_gmt":"2017-05-10T12:53:54","guid":{"rendered":"http:\/\/web.editorialteide.com\/producto\/moby-dick-cat-b-t\/"},"modified":"2026-03-02T18:50:26","modified_gmt":"2026-03-02T17:50:26","slug":"moby-dick-cat-b-t","status":"publish","type":"product","link":"https:\/\/web.editorialteide.com\/ca\/producte\/moby-dick-cat-b-t\/","title":{"rendered":"Moby Dick (CATAL\u00c0) (Biblioteca Teide)"},"content":{"rendered":"<p>El tema central de Moby Dick \u00e9s la lluita entre el capit\u00e0 Ahab, patr\u00f3 del vaixell balener Pequod, i l\u2019enorme balena blanca que li arrenc\u00e0 les cames temps enrere. L\u2019obra, per\u00f2, va molt m\u00e9s enll\u00e0 de l\u2019aventura i es converteix en una cr\u00edtica de la venjan\u00e7a i l\u2019obstinaci\u00f3 irresponsable.<\/p>\n<p>272 p\u00e0gines. Format: 19,4 x 14,4 cm<\/p>\n","protected":false},"excerpt":{"rendered":"<p>El tema central de Moby Dick \u00e9s la lluita entre el capit\u00e0 Ahab, patr\u00f3 del vaixell balener Pequod, i l\u2019enorme balena blanca que li arrenc\u00e0 les cames temps enrere. L\u2019obra, per\u00f2, va molt m\u00e9s enll\u00e0 de l\u2019aventura i es converteix en una cr\u00edtica de la venjan\u00e7a i l\u2019obstinaci\u00f3 irresponsable. 272 p\u00e0gines. Format: 19,4 x 14,4 &hellip; <a href=\"https:\/\/web.editorialteide.com\/ca\/producte\/moby-dick-cat-b-t\/\">Llegir m\u00e9s<\/a><\/p>\n","protected":false},"featured_media":157918,"template":"","meta":{"_links_to":"","_links_to_target":""},"product_brand":[],"product_cat":[195,202,205],"product_tag":[],"class_list":{"0":"post-85067","1":"product","2":"type-product","3":"status-publish","4":"has-post-thumbnail","6":"product_cat-catalunya-ca","7":"product_cat-comunidad-de-valencia-ca","8":"product_cat-illes-balears-ca","9":"pa_asignatura-llengua-catalana-i-literatura-ca","10":"pa_curso-2-eso-ca","11":"pa_format-llibre-text-ca","12":"pa_idioma-catalan-ca","14":"first","15":"instock","16":"taxable","17":"shipping-taxable","18":"purchasable","19":"product-type-simple"},"_links":{"self":[{"href":"https:\/\/web.editorialteide.com\/ca\/wp-json\/wp\/v2\/product\/85067","targetHints":{"allow":["GET"]}}],"collection":[{"href":"https:\/\/web.editorialteide.com\/ca\/wp-json\/wp\/v2\/product"}],"about":[{"href":"https:\/\/web.editorialteide.com\/ca\/wp-json\/wp\/v2\/types\/product"}],"wp:featuredmedia":[{"embeddable":true,"href":"https:\/\/web.editorialteide.com\/ca\/wp-json\/wp\/v2\/media\/157918"}],"wp:attachment":[{"href":"https:\/\/web.editorialteide.com\/ca\/wp-json\/wp\/v2\/media?parent=85067"}],"wp:term":[{"taxonomy":"product_brand","embeddable":true,"href":"https:\/\/web.editorialteide.com\/ca\/wp-json\/wp\/v2\/product_brand?post=85067"},{"taxonomy":"product_cat","embeddable":true,"href":"https:\/\/web.editorialteide.com\/ca\/wp-json\/wp\/v2\/product_cat?post=85067"},{"taxonomy":"product_tag","embeddable":true,"href":"https:\/\/web.editorialteide.com\/ca\/wp-json\/wp\/v2\/product_tag?post=85067"}],"curies":[{"name":"wp","href":"https:\/\/api.w.org\/{rel}","templated":true}]}}