{"id":85077,"date":"2017-05-10T13:53:48","date_gmt":"2017-05-10T12:53:48","guid":{"rendered":"http:\/\/web.editorialteide.com\/producto\/frankenstein-cat-b-t\/"},"modified":"2026-03-02T18:50:20","modified_gmt":"2026-03-02T17:50:20","slug":"frankenstein-cat-b-t","status":"publish","type":"product","link":"https:\/\/web.editorialteide.com\/ca\/producte\/frankenstein-cat-b-t\/","title":{"rendered":"Frankenstein (CATAL\u00c0)(Biblioteca Teide)"},"content":{"rendered":"<p><i>Frakenstein o el modern Prometeu<\/i> consisteix en un excel\u00b7lent assaig sobre la natura humana, la vida i l\u2019exist\u00e8ncia. Shelley presenta un cient\u00edfic su\u00eds, el doctor Frankenstein, que aconsegueix donar vida a un \u00e9sser exclusivament a partir de la ci\u00e8ncia i imitant Prometeu, el primer dels homes, amb el dilema moral i existencial que suposa aquest fet.<br \/>\n<br \/>\n414 p\u00e0gines. Format: 19,4 x 14,4 cm<\/p>\n","protected":false},"excerpt":{"rendered":"<p>Frakenstein o el modern Prometeu consisteix en un excel\u00b7lent assaig sobre la natura humana, la vida i l\u2019exist\u00e8ncia. Shelley presenta un cient\u00edfic su\u00eds, el doctor Frankenstein, que aconsegueix donar vida a un \u00e9sser exclusivament a partir de la ci\u00e8ncia i imitant Prometeu, el primer dels homes, amb el dilema moral i existencial que suposa aquest &hellip; <a href=\"https:\/\/web.editorialteide.com\/ca\/producte\/frankenstein-cat-b-t\/\">Llegir m\u00e9s<\/a><\/p>\n","protected":false},"featured_media":107845,"template":"","meta":{"_links_to":"","_links_to_target":""},"product_brand":[],"product_cat":[195,202,205],"product_tag":[],"class_list":{"0":"post-85077","1":"product","2":"type-product","3":"status-publish","4":"has-post-thumbnail","6":"product_cat-catalunya-ca","7":"product_cat-comunidad-de-valencia-ca","8":"product_cat-illes-balears-ca","9":"pa_asignatura-llengua-catalana-i-literatura-ca","10":"pa_curso-2-eso-ca","11":"pa_format-llibre-text-ca","12":"pa_idioma-catalan-ca","14":"first","15":"instock","16":"taxable","17":"shipping-taxable","18":"purchasable","19":"product-type-simple"},"_links":{"self":[{"href":"https:\/\/web.editorialteide.com\/ca\/wp-json\/wp\/v2\/product\/85077","targetHints":{"allow":["GET"]}}],"collection":[{"href":"https:\/\/web.editorialteide.com\/ca\/wp-json\/wp\/v2\/product"}],"about":[{"href":"https:\/\/web.editorialteide.com\/ca\/wp-json\/wp\/v2\/types\/product"}],"wp:featuredmedia":[{"embeddable":true,"href":"https:\/\/web.editorialteide.com\/ca\/wp-json\/wp\/v2\/media\/107845"}],"wp:attachment":[{"href":"https:\/\/web.editorialteide.com\/ca\/wp-json\/wp\/v2\/media?parent=85077"}],"wp:term":[{"taxonomy":"product_brand","embeddable":true,"href":"https:\/\/web.editorialteide.com\/ca\/wp-json\/wp\/v2\/product_brand?post=85077"},{"taxonomy":"product_cat","embeddable":true,"href":"https:\/\/web.editorialteide.com\/ca\/wp-json\/wp\/v2\/product_cat?post=85077"},{"taxonomy":"product_tag","embeddable":true,"href":"https:\/\/web.editorialteide.com\/ca\/wp-json\/wp\/v2\/product_tag?post=85077"}],"curies":[{"name":"wp","href":"https:\/\/api.w.org\/{rel}","templated":true}]}}