{"id":85087,"date":"2017-05-10T13:53:42","date_gmt":"2017-05-10T12:53:42","guid":{"rendered":"http:\/\/web.editorialteide.com\/producto\/lestrany-cas-del-dr-jekyll-i-sr-hyde-b-t\/"},"modified":"2026-03-02T18:50:19","modified_gmt":"2026-03-02T17:50:19","slug":"lestrany-cas-del-dr-jekyll-i-sr-hyde-b-t","status":"publish","type":"product","link":"https:\/\/web.editorialteide.com\/ca\/producte\/lestrany-cas-del-dr-jekyll-i-sr-hyde-b-t\/","title":{"rendered":"L&#8217;estrany cas del Dr. Jekyll i el Sr. Hyde (Biblioteca Teide)"},"content":{"rendered":"<p>Stevenson, un dels autors m\u00e9s rellevants de la literatura anglesa, ens presenta un dels relats m\u00e9s grans que mesclen la literatura de terror i la de misteri. L\u2019autor reflexiona sobre la pres\u00e8ncia de la bondat i la maldat en l\u2019\u00e9sser hum\u00e0.<br \/>\n<br \/>\n160 p\u00e0gines. Format: 19,4 x 14,4 cm<\/p>\n","protected":false},"excerpt":{"rendered":"<p>Stevenson, un dels autors m\u00e9s rellevants de la literatura anglesa, ens presenta un dels relats m\u00e9s grans que mesclen la literatura de terror i la de misteri. L\u2019autor reflexiona sobre la pres\u00e8ncia de la bondat i la maldat en l\u2019\u00e9sser hum\u00e0. 160 p\u00e0gines. Format: 19,4 x 14,4 cm<\/p>\n","protected":false},"featured_media":107835,"template":"","meta":{"_links_to":"","_links_to_target":""},"product_brand":[],"product_cat":[195,202,205],"product_tag":[],"class_list":{"0":"post-85087","1":"product","2":"type-product","3":"status-publish","4":"has-post-thumbnail","6":"product_cat-catalunya-ca","7":"product_cat-comunidad-de-valencia-ca","8":"product_cat-illes-balears-ca","9":"pa_asignatura-llengua-catalana-i-literatura-ca","10":"pa_curso-2-eso-ca","11":"pa_format-llibre-text-ca","12":"pa_idioma-catalan-ca","14":"first","15":"instock","16":"taxable","17":"shipping-taxable","18":"purchasable","19":"product-type-simple"},"_links":{"self":[{"href":"https:\/\/web.editorialteide.com\/ca\/wp-json\/wp\/v2\/product\/85087","targetHints":{"allow":["GET"]}}],"collection":[{"href":"https:\/\/web.editorialteide.com\/ca\/wp-json\/wp\/v2\/product"}],"about":[{"href":"https:\/\/web.editorialteide.com\/ca\/wp-json\/wp\/v2\/types\/product"}],"wp:featuredmedia":[{"embeddable":true,"href":"https:\/\/web.editorialteide.com\/ca\/wp-json\/wp\/v2\/media\/107835"}],"wp:attachment":[{"href":"https:\/\/web.editorialteide.com\/ca\/wp-json\/wp\/v2\/media?parent=85087"}],"wp:term":[{"taxonomy":"product_brand","embeddable":true,"href":"https:\/\/web.editorialteide.com\/ca\/wp-json\/wp\/v2\/product_brand?post=85087"},{"taxonomy":"product_cat","embeddable":true,"href":"https:\/\/web.editorialteide.com\/ca\/wp-json\/wp\/v2\/product_cat?post=85087"},{"taxonomy":"product_tag","embeddable":true,"href":"https:\/\/web.editorialteide.com\/ca\/wp-json\/wp\/v2\/product_tag?post=85087"}],"curies":[{"name":"wp","href":"https:\/\/api.w.org\/{rel}","templated":true}]}}