{"id":85099,"date":"2017-05-10T13:53:35","date_gmt":"2017-05-10T12:53:35","guid":{"rendered":"http:\/\/web.editorialteide.com\/producto\/el-fantasma-canterville-cat-b-t\/"},"modified":"2026-03-02T18:50:08","modified_gmt":"2026-03-02T17:50:08","slug":"el-fantasma-canterville-cat-b-t","status":"publish","type":"product","link":"https:\/\/web.editorialteide.com\/ca\/producte\/el-fantasma-canterville-cat-b-t\/","title":{"rendered":"El fantasma de Canterville i altres contes (Biblioteca Teide)"},"content":{"rendered":"<p>La fama liter\u00e0ria de l\u2019escriptor Oscar Wilde (1854-1900) prov\u00e9 especialment de la seva obra dram\u00e0tica i narrativa, tot i que tamb\u00e9 va tractar altres g\u00e8neres que encara avui delecten els lectors. En aquest llibre oferim una selecci\u00f3 dels seus millors contes: El fantasma de Canterville, El Gegant egoista, El Pr\u00edncep feli\u00e7, L\u2019amic fidel, El rossinyol i la rosa i El pescador i la seva \u00e0nima.<\/p>\n<p>224 p\u00e0gines: Format: 19,4 x 14,4 cm<\/p>\n","protected":false},"excerpt":{"rendered":"<p>La fama liter\u00e0ria de l\u2019escriptor Oscar Wilde (1854-1900) prov\u00e9 especialment de la seva obra dram\u00e0tica i narrativa, tot i que tamb\u00e9 va tractar altres g\u00e8neres que encara avui delecten els lectors. En aquest llibre oferim una selecci\u00f3 dels seus millors contes: El fantasma de Canterville, El Gegant egoista, El Pr\u00edncep feli\u00e7, L\u2019amic fidel, El rossinyol &hellip; <a href=\"https:\/\/web.editorialteide.com\/ca\/producte\/el-fantasma-canterville-cat-b-t\/\">Llegir m\u00e9s<\/a><\/p>\n","protected":false},"featured_media":149063,"template":"","meta":{"_links_to":"","_links_to_target":""},"product_brand":[],"product_cat":[195,202,205],"product_tag":[],"class_list":{"0":"post-85099","1":"product","2":"type-product","3":"status-publish","4":"has-post-thumbnail","6":"product_cat-catalunya-ca","7":"product_cat-comunidad-de-valencia-ca","8":"product_cat-illes-balears-ca","9":"pa_asignatura-llengua-catalana-i-literatura-ca","10":"pa_curso-4-eso-ca","11":"pa_format-llibre-text-ca","13":"first","14":"instock","15":"taxable","16":"shipping-taxable","17":"purchasable","18":"product-type-simple"},"_links":{"self":[{"href":"https:\/\/web.editorialteide.com\/ca\/wp-json\/wp\/v2\/product\/85099","targetHints":{"allow":["GET"]}}],"collection":[{"href":"https:\/\/web.editorialteide.com\/ca\/wp-json\/wp\/v2\/product"}],"about":[{"href":"https:\/\/web.editorialteide.com\/ca\/wp-json\/wp\/v2\/types\/product"}],"wp:featuredmedia":[{"embeddable":true,"href":"https:\/\/web.editorialteide.com\/ca\/wp-json\/wp\/v2\/media\/149063"}],"wp:attachment":[{"href":"https:\/\/web.editorialteide.com\/ca\/wp-json\/wp\/v2\/media?parent=85099"}],"wp:term":[{"taxonomy":"product_brand","embeddable":true,"href":"https:\/\/web.editorialteide.com\/ca\/wp-json\/wp\/v2\/product_brand?post=85099"},{"taxonomy":"product_cat","embeddable":true,"href":"https:\/\/web.editorialteide.com\/ca\/wp-json\/wp\/v2\/product_cat?post=85099"},{"taxonomy":"product_tag","embeddable":true,"href":"https:\/\/web.editorialteide.com\/ca\/wp-json\/wp\/v2\/product_tag?post=85099"}],"curies":[{"name":"wp","href":"https:\/\/api.w.org\/{rel}","templated":true}]}}