{"id":85107,"date":"2017-05-10T13:53:31","date_gmt":"2017-05-10T12:53:31","guid":{"rendered":"http:\/\/web.editorialteide.com\/producto\/les-aventures-dulisses-b-t\/"},"modified":"2026-03-02T18:50:00","modified_gmt":"2026-03-02T17:50:00","slug":"les-aventures-dulisses-b-t","status":"publish","type":"product","link":"https:\/\/web.editorialteide.com\/ca\/producte\/les-aventures-dulisses-b-t\/","title":{"rendered":"Les aventures d&#8217;Ulisses (Biblioteca Teide)"},"content":{"rendered":"<p>Una fidel adaptaci\u00f3 de l\u2019<i>Odissea<\/i> d\u2019Homer. Despr\u00e9s de la guerra de Troia, Ulisses decideix retornar a la seva p\u00e0tria, \u00cdtaca, on l\u2019esperen la seva esposa Pen\u00e8lope i Tel\u00e8mac, el seu fill. Per\u00f2 el viatge que empr\u00e8n l\u2019heroi no resultar\u00e0 gens f\u00e0cil. Posid\u00f3, el d\u00e9u dels mars, farcir\u00e0 el seu cam\u00ed de dificultats.<\/p>\n<p>192 p\u00e0gines. Format: 19,4 x 14,4 cm<\/p>\n","protected":false},"excerpt":{"rendered":"<p>Una fidel adaptaci\u00f3 de l\u2019Odissea d\u2019Homer. Despr\u00e9s de la guerra de Troia, Ulisses decideix retornar a la seva p\u00e0tria, \u00cdtaca, on l\u2019esperen la seva esposa Pen\u00e8lope i Tel\u00e8mac, el seu fill. Per\u00f2 el viatge que empr\u00e8n l\u2019heroi no resultar\u00e0 gens f\u00e0cil. Posid\u00f3, el d\u00e9u dels mars, farcir\u00e0 el seu cam\u00ed de dificultats. 192 p\u00e0gines. Format: &hellip; <a href=\"https:\/\/web.editorialteide.com\/ca\/producte\/les-aventures-dulisses-b-t\/\">Llegir m\u00e9s<\/a><\/p>\n","protected":false},"featured_media":150889,"template":"","meta":{"_links_to":"","_links_to_target":""},"product_brand":[],"product_cat":[195,202,205],"product_tag":[],"class_list":{"0":"post-85107","1":"product","2":"type-product","3":"status-publish","4":"has-post-thumbnail","6":"product_cat-catalunya-ca","7":"product_cat-comunidad-de-valencia-ca","8":"product_cat-illes-balears-ca","9":"pa_asignatura-llengua-catalana-i-literatura-ca","10":"pa_curso-1-eso-ca","11":"pa_format-llibre-text-ca","13":"first","14":"instock","15":"taxable","16":"shipping-taxable","17":"purchasable","18":"product-type-simple"},"_links":{"self":[{"href":"https:\/\/web.editorialteide.com\/ca\/wp-json\/wp\/v2\/product\/85107","targetHints":{"allow":["GET"]}}],"collection":[{"href":"https:\/\/web.editorialteide.com\/ca\/wp-json\/wp\/v2\/product"}],"about":[{"href":"https:\/\/web.editorialteide.com\/ca\/wp-json\/wp\/v2\/types\/product"}],"wp:featuredmedia":[{"embeddable":true,"href":"https:\/\/web.editorialteide.com\/ca\/wp-json\/wp\/v2\/media\/150889"}],"wp:attachment":[{"href":"https:\/\/web.editorialteide.com\/ca\/wp-json\/wp\/v2\/media?parent=85107"}],"wp:term":[{"taxonomy":"product_brand","embeddable":true,"href":"https:\/\/web.editorialteide.com\/ca\/wp-json\/wp\/v2\/product_brand?post=85107"},{"taxonomy":"product_cat","embeddable":true,"href":"https:\/\/web.editorialteide.com\/ca\/wp-json\/wp\/v2\/product_cat?post=85107"},{"taxonomy":"product_tag","embeddable":true,"href":"https:\/\/web.editorialteide.com\/ca\/wp-json\/wp\/v2\/product_tag?post=85107"}],"curies":[{"name":"wp","href":"https:\/\/api.w.org\/{rel}","templated":true}]}}