{"id":85109,"date":"2017-05-10T13:53:30","date_gmt":"2017-05-10T12:53:30","guid":{"rendered":"http:\/\/web.editorialteide.com\/producto\/tirant-lo-blanc-b-t\/"},"modified":"2026-03-02T18:50:09","modified_gmt":"2026-03-02T17:50:09","slug":"tirant-lo-blanc-b-t","status":"publish","type":"product","link":"https:\/\/web.editorialteide.com\/ca\/producte\/tirant-lo-blanc-b-t\/","title":{"rendered":"Tirant lo Blanc (Biblioteca Teide)"},"content":{"rendered":"<p><i>Tirant lo Blanc<\/i> \u00e9s una de les novel\u00b7les m\u00e9s importants de la literatura occidental i, sobretot, de la literatura catalana. Escrita per Joanot Martorell entre el 1460 i el 1468, des del moment de la seva primera edici\u00f3 (Valencia, 1490) va ser una de les obres m\u00e9s llegides en el seu temps i fou tradu\u00efda a moltes lleng\u00fces. Des d&#8217;aleshores se n&#8217;han fet una gran diversitat d&#8217;edicions. Nosaltres, en la Biblioteca Teide, en presentem una adaptaci\u00f3 feta en un llenguatge apte per als joves lectors amb la pretensi\u00f3 que aquesta primera lectura de l&#8217;obra els porti alg\u00fan dia a llegir-ne la versi\u00f3 \u00edntegra.<br \/>\n<br \/><\/br><br \/>\n224 p\u00e0gines. Format: 14,4 x 19&#215;4 cm.<\/p>\n","protected":false},"excerpt":{"rendered":"<p>Tirant lo Blanc \u00e9s una de les novel\u00b7les m\u00e9s importants de la literatura occidental i, sobretot, de la literatura catalana. Escrita per Joanot Martorell entre el 1460 i el 1468, des del moment de la seva primera edici\u00f3 (Valencia, 1490) va ser una de les obres m\u00e9s llegides en el seu temps i fou tradu\u00efda &hellip; <a href=\"https:\/\/web.editorialteide.com\/ca\/producte\/tirant-lo-blanc-b-t\/\">Llegir m\u00e9s<\/a><\/p>\n","protected":false},"featured_media":107813,"template":"","meta":{"_links_to":"","_links_to_target":""},"product_brand":[],"product_cat":[195,202,205],"product_tag":[],"class_list":{"0":"post-85109","1":"product","2":"type-product","3":"status-publish","4":"has-post-thumbnail","6":"product_cat-catalunya-ca","7":"product_cat-comunidad-de-valencia-ca","8":"product_cat-illes-balears-ca","9":"pa_asignatura-llengua-catalana-i-literatura-ca","10":"pa_curso-3-eso-ca","11":"pa_format-llibre-text-ca","13":"first","14":"instock","15":"taxable","16":"shipping-taxable","17":"purchasable","18":"product-type-simple"},"_links":{"self":[{"href":"https:\/\/web.editorialteide.com\/ca\/wp-json\/wp\/v2\/product\/85109","targetHints":{"allow":["GET"]}}],"collection":[{"href":"https:\/\/web.editorialteide.com\/ca\/wp-json\/wp\/v2\/product"}],"about":[{"href":"https:\/\/web.editorialteide.com\/ca\/wp-json\/wp\/v2\/types\/product"}],"wp:featuredmedia":[{"embeddable":true,"href":"https:\/\/web.editorialteide.com\/ca\/wp-json\/wp\/v2\/media\/107813"}],"wp:attachment":[{"href":"https:\/\/web.editorialteide.com\/ca\/wp-json\/wp\/v2\/media?parent=85109"}],"wp:term":[{"taxonomy":"product_brand","embeddable":true,"href":"https:\/\/web.editorialteide.com\/ca\/wp-json\/wp\/v2\/product_brand?post=85109"},{"taxonomy":"product_cat","embeddable":true,"href":"https:\/\/web.editorialteide.com\/ca\/wp-json\/wp\/v2\/product_cat?post=85109"},{"taxonomy":"product_tag","embeddable":true,"href":"https:\/\/web.editorialteide.com\/ca\/wp-json\/wp\/v2\/product_tag?post=85109"}],"curies":[{"name":"wp","href":"https:\/\/api.w.org\/{rel}","templated":true}]}}