{"id":85123,"date":"2017-05-10T13:53:17","date_gmt":"2017-05-10T12:53:17","guid":{"rendered":"http:\/\/web.editorialteide.com\/producto\/arriba-el-telon-b-t\/"},"modified":"2026-03-02T18:50:57","modified_gmt":"2026-03-02T17:50:57","slug":"arriba-el-telon-b-t","status":"publish","type":"product","link":"https:\/\/web.editorialteide.com\/ca\/producte\/arriba-el-telon-b-t\/","title":{"rendered":"\u00a1Arriba el tel\u00f3n! Antolog\u00eda de teatro breve (Biblioteca Teide)"},"content":{"rendered":"<p>Esta edici\u00f3n que nos propone el profesor Pau Miret Puig presenta una antolog\u00eda de piezas de teatro breve agrupadas seg\u00fan criterios tem\u00e1ticos y funcionales: teatro para marionetas; del cuento<br \/>\npopular al teatro; teatro c\u00f3mico; el teatro, una ventana abierta a la realidad; teatro para la reflexi\u00f3n, y teatro de denuncia.<\/p>\n<p>Entre los autores seleccionados destacan Federico Garc\u00eda Lorca, Ch\u00e9jov, Mu\u00f1oz Seca, Sanchis Sinisterra, Carlos Mu\u00f1iz, Bertolt Brecht y Jean Tardieu.<\/p>\n<h2>Vinculos de inter\u00e9s<\/h2>\n<h3>Unidad 0<\/h3>\n<ul>\n<li><a href=\"http:\/\/www.ciudadseva.com\/textos\/cuentos\/esp\/juanma\/vii.htm\" target=\"_blank\" rel=\"noopener noreferrer\">P\u00e1gina 289, Pregunta 8a, Enlace de consulta 1<\/a><\/li>\n<li><a href=\"http:\/\/www.rinconcastellano.com\/cuentos\/samaniego\/samaniego_lechera.html#\" target=\"_blank\" rel=\"noopener noreferrer\">P\u00e1gina 289, Pregunta 8a, Enlace de consulta 2<\/a><\/li>\n<li><a href=\"http:\/\/www.ciudadseva.com\/textos\/cuentos\/fran\/perrault\/pulgarci.htm\" target=\"_blank\" rel=\"noopener noreferrer\">P\u00e1gina 289, Pregunta 8b<\/a><\/li>\n<li><a href=\"http:\/\/www.youtube.com\/watch?v=IwWZ7QzCks8\" target=\"_blank\" rel=\"noopener noreferrer\">P\u00e1gina 289, Pregunta 8c<\/a><\/li>\n<li><a href=\"http:\/\/hemeroteca.lavanguardia.com\/preview\/2001\/07\/22\/pagina-59\/34183645\/pdf.html\" target=\"_blank\" rel=\"noopener noreferrer\">P\u00e1gina 295, Pregunta 18, Enlace de consulta 1<\/a><\/li>\n<li><a href=\"http:\/\/blogs.periodistadigital.com\/arte.php\/2010\/10\/11\/p280838\" target=\"_blank\" rel=\"noopener noreferrer\">P\u00e1gina 295, Pregunta 18, Enlace de consulta 2<\/a><\/li>\n<li><a href=\"http:\/\/www.youtube.com\/watch?v=HvcEEjPbwV8\" target=\"_blank\" rel=\"noopener noreferrer\">P\u00e1gina 296, Pregunta 19, Enlace de consulta 1<\/a><\/li>\n<li><a href=\"http:\/\/www.youtube.com\/watch?v=2ME0zhffhBM\" target=\"_blank\" rel=\"noopener noreferrer\">P\u00e1gina 296, Pregunta 19, Enlace de consulta 2<\/a><\/li>\n<li><a href=\"http:\/\/www.youtube.com\/watch?v=JWzRYMcXcBg\" target=\"_blank\" rel=\"noopener noreferrer\">P\u00e1gina 296, Pregunta 19, Enlace de consulta 3<\/a><\/li>\n<li><a href=\"http:\/\/www.youtube.com\/watch?v=0AH2ec8TSrg\" target=\"_blank\" rel=\"noopener noreferrer\">P\u00e1gina 296, Pregunta 19, Enlace de consulta 4<\/a><\/li>\n<li><a href=\"http:\/\/www.youtube.com\/watch?v=VR_Tov5NqT8\" target=\"_blank\" rel=\"noopener noreferrer\">P\u00e1gina 296, Pregunta 19, Enlace de consulta 5<\/a><\/li>\n<li><a href=\"http:\/\/www.youtube.com\/watch?v=I2UnXIryJtQ\" target=\"_blank\" rel=\"noopener noreferrer\">P\u00e1gina 298, Pregunta 25, Enlace de consulta 1<\/a><\/li>\n<li><a href=\"http:\/\/www.divisioncap.net\/blog\/2011\/01\/escenotecnica-como-construir-un-teatro-de-titeres\/\" target=\"_blank\" rel=\"noopener noreferrer\">P\u00e1gina 298, Pregunta 25, Enlace de consulta 2<\/a><\/li>\n<li><a href=\"http:\/\/www.comohacer.org\/manualidades\/ninos\/como-hacer-marionetas-titeres-calcetines-a7.asp\" target=\"_blank\" rel=\"noopener noreferrer\">P\u00e1gina 299, Pregunta 25, Enlace de consulta 3 (para ver marionetas)<\/a><\/li>\n<li><a href=\"http:\/\/www.youtube.com\/watch?v=K-yoGlLENHI\" target=\"_blank\" rel=\"noopener noreferrer\">P\u00e1gina 299, Pregunta 25, Enlace de consulta 4 (para ver marionetas)<\/a><\/li>\n<\/ul>\n","protected":false},"excerpt":{"rendered":"<p>Esta edici\u00f3n que nos propone el profesor Pau Miret Puig presenta una antolog\u00eda de piezas de teatro breve agrupadas seg\u00fan criterios tem\u00e1ticos y funcionales: teatro para marionetas; del cuento popular al teatro; teatro c\u00f3mico; el teatro, una ventana abierta a la realidad; teatro para la reflexi\u00f3n, y teatro de denuncia. Entre los autores seleccionados destacan &hellip; <a href=\"https:\/\/web.editorialteide.com\/ca\/producte\/arriba-el-telon-b-t\/\">Llegir m\u00e9s<\/a><\/p>\n","protected":false},"featured_media":126881,"template":"","meta":{"_links_to":"","_links_to_target":""},"product_brand":[],"product_cat":[189,190,191,192,193,194,195,196,198,202,197,203,204,205,206,207,208,209,210,211],"product_tag":[],"class_list":{"0":"post-85123","1":"product","2":"type-product","3":"status-publish","4":"has-post-thumbnail","6":"product_cat-andalucia-ca","7":"product_cat-aragon-ca","8":"product_cat-canarias-ca","9":"product_cat-cantabria-ca","10":"product_cat-castilla-la-mancha-ca","11":"product_cat-castilla-y-leon-ca","12":"product_cat-catalunya-ca","13":"product_cat-ceuta-ca","14":"product_cat-comunidad-de-madrid-ca","15":"product_cat-comunidad-de-valencia-ca","16":"product_cat-comunidad-foral-de-navarra-ca","17":"product_cat-extremadura-ca","18":"product_cat-galicia-ca","19":"product_cat-illes-balears-ca","20":"product_cat-la-rioja-ca","21":"product_cat-mec-ca","22":"product_cat-melilla-ca","23":"product_cat-pais-vasco-ca","24":"product_cat-principado-de-asturias-ca","25":"product_cat-region-de-murcia-ca","26":"pa_asignatura-llengua-castellana-i-literatura-ca","27":"pa_curso-4-eso-ca","28":"pa_format-llibre-text-ca","29":"pa_idioma-castellano-ca","31":"first","32":"instock","33":"taxable","34":"shipping-taxable","35":"purchasable","36":"product-type-simple"},"_links":{"self":[{"href":"https:\/\/web.editorialteide.com\/ca\/wp-json\/wp\/v2\/product\/85123","targetHints":{"allow":["GET"]}}],"collection":[{"href":"https:\/\/web.editorialteide.com\/ca\/wp-json\/wp\/v2\/product"}],"about":[{"href":"https:\/\/web.editorialteide.com\/ca\/wp-json\/wp\/v2\/types\/product"}],"wp:featuredmedia":[{"embeddable":true,"href":"https:\/\/web.editorialteide.com\/ca\/wp-json\/wp\/v2\/media\/126881"}],"wp:attachment":[{"href":"https:\/\/web.editorialteide.com\/ca\/wp-json\/wp\/v2\/media?parent=85123"}],"wp:term":[{"taxonomy":"product_brand","embeddable":true,"href":"https:\/\/web.editorialteide.com\/ca\/wp-json\/wp\/v2\/product_brand?post=85123"},{"taxonomy":"product_cat","embeddable":true,"href":"https:\/\/web.editorialteide.com\/ca\/wp-json\/wp\/v2\/product_cat?post=85123"},{"taxonomy":"product_tag","embeddable":true,"href":"https:\/\/web.editorialteide.com\/ca\/wp-json\/wp\/v2\/product_tag?post=85123"}],"curies":[{"name":"wp","href":"https:\/\/api.w.org\/{rel}","templated":true}]}}