{"id":85131,"date":"2017-05-10T13:53:10","date_gmt":"2017-05-10T12:53:10","guid":{"rendered":"http:\/\/web.editorialteide.com\/producto\/bodas-de-sangre-b-t\/"},"modified":"2026-03-02T18:50:53","modified_gmt":"2026-03-02T17:50:53","slug":"bodas-de-sangre-b-t","status":"publish","type":"product","link":"https:\/\/web.editorialteide.com\/ca\/producte\/bodas-de-sangre-b-t\/","title":{"rendered":"Bodas de sangre (Biblioteca Teide)"},"content":{"rendered":"<p>Presentamos una edici\u00f3n de <i>Bodas de sangre<\/i>, una de las tragedias m\u00e1s destacadas en la obra de Federico Garc\u00eda Lorca. El argumento de la obra gira sobre un \u00fanico hecho anunciado desde el propio t\u00edtulo: una boda que terminar\u00e1 con una muerte violenta. El eje vertebrador de la historia se construye en torno a la inevitabilidad de la tragedia, a la imposibilidad de huir del aciago destino que pesa sobre los protagonistas.<\/p>\n<h2>V\u00ednculos de inter\u00e9s<\/h2>\n<h3>Unidad 0<\/h3>\n<ul>\n<li><a href=\"http:\/\/bdh.bne.es\/bnesearch\/HemerotecaAdvancedSearch.do#\" target=\"_blank\" rel=\"noopener noreferrer\">P\u00e1gina 153, pregunta 14 &#8211; Enlace de la Hemeroteca Digital Hisp\u00e1nica<\/a><\/li>\n<li><a href=\"http:\/\/pdf.teidedigital.com\/cas\/6164\/bodas.jclic.zip\" target=\"_blank\" rel=\"noopener noreferrer\">P\u00e1gina 154, pregunta 15 &#8211; Actividades JClic<\/a><\/li>\n<li><a href=\"http:\/\/clic.xtec.cat\/es\/jclic\/download.htm\" target=\"_blank\" rel=\"noopener noreferrer\">P\u00e1gina 154, pregunta 15 &#8211; Descarga JClic<\/a><\/li>\n<li><a href=\"http:\/\/hemeroteca.abc.es\/\" target=\"_blank\" rel=\"noopener noreferrer\">P\u00e1gina 155, pregunta 19 &#8211; Enlace de la hemeroteca del ABC<\/a><\/li>\n<li><a href=\"http:\/\/bib.cervantesvirtual.com\/bib_autor\/garcialorca\/\" target=\"_blank\" rel=\"noopener noreferrer\">P\u00e1gina 156, pregunta 20 &#8211; Enlace de la Biblioteca Virtual Cervantes<\/a><\/li>\n<li><a href=\"http:\/\/elaulaencendida.blogspot.com.es\/2011\/04\/comic-bodas-de-sangre.html\" target=\"_blank\" rel=\"noopener noreferrer\">P\u00e1gina 158, pregunta 24 &#8211; Enlace para consulta 01<\/a><\/li>\n<li><a href=\"http:\/\/proyectomeco2.blogspot.com.es\/2011\/11\/bodas-de-sangre.html\" target=\"_blank\" rel=\"noopener noreferrer\">P\u00e1gina 158, pregunta 24 &#8211; Enlace para consulta 02<\/a><\/li>\n<li><a href=\"http:\/\/elblocdebodasdesangre.blogspot.com.es\/\" target=\"_blank\" rel=\"noopener noreferrer\">P\u00e1gina 159, pregunta 26 &#8211; El blog de Bodas de sangre<\/a><\/li>\n<li><a href=\"http:\/\/www.youtube.com\/watch?v=okcXjLZkkG8\" target=\"_blank\" rel=\"noopener noreferrer\">P\u00e1gina 159, pregunta 27 &#8211; Enlace para consulta 01<\/a><\/li>\n<li><a href=\"http:\/\/www.youtube.com\/watch?v=5jSptXBPHeQ\" target=\"_blank\" rel=\"noopener noreferrer\">P\u00e1gina 159, pregunta 27 &#8211; Enlace para consulta 02<\/a><\/li>\n<li><a href=\"http:\/\/www.elmundo.es\/elmundo\/2010\/01\/11\/andalucia_sevilla\/1263233868.html\" target=\"_blank\" rel=\"noopener noreferrer\">P\u00e1gina 160, pregunta 29 &#8211; Enlace para consulta 01<\/a><\/li>\n<li><a href=\"http:\/\/www.youtube.com\/watch?v=fZOb0fTP0Vk&amp;feature=related\" target=\"_blank\" rel=\"noopener noreferrer\">P\u00e1gina 160, pregunta 29 &#8211; Enlace para consulta 02<\/a><\/li>\n<li><a href=\"http:\/\/www.youtube.com\/watch?v=rBAUhc5BTtI&amp;feature=related\" target=\"_blank\" rel=\"noopener noreferrer\">P\u00e1gina 160, pregunta 29 &#8211; Enlace para consulta 03<\/a><\/li>\n<\/ul>\n","protected":false},"excerpt":{"rendered":"<p>Presentamos una edici\u00f3n de Bodas de sangre, una de las tragedias m\u00e1s destacadas en la obra de Federico Garc\u00eda Lorca. El argumento de la obra gira sobre un \u00fanico hecho anunciado desde el propio t\u00edtulo: una boda que terminar\u00e1 con una muerte violenta. El eje vertebrador de la historia se construye en torno a la &hellip; <a href=\"https:\/\/web.editorialteide.com\/ca\/producte\/bodas-de-sangre-b-t\/\">Llegir m\u00e9s<\/a><\/p>\n","protected":false},"featured_media":126727,"template":"","meta":{"_links_to":"","_links_to_target":""},"product_brand":[],"product_cat":[189,190,191,192,193,194,195,196,198,202,197,203,204,205,206,207,208,209,210,211],"product_tag":[],"class_list":{"0":"post-85131","1":"product","2":"type-product","3":"status-publish","4":"has-post-thumbnail","6":"product_cat-andalucia-ca","7":"product_cat-aragon-ca","8":"product_cat-canarias-ca","9":"product_cat-cantabria-ca","10":"product_cat-castilla-la-mancha-ca","11":"product_cat-castilla-y-leon-ca","12":"product_cat-catalunya-ca","13":"product_cat-ceuta-ca","14":"product_cat-comunidad-de-madrid-ca","15":"product_cat-comunidad-de-valencia-ca","16":"product_cat-comunidad-foral-de-navarra-ca","17":"product_cat-extremadura-ca","18":"product_cat-galicia-ca","19":"product_cat-illes-balears-ca","20":"product_cat-la-rioja-ca","21":"product_cat-mec-ca","22":"product_cat-melilla-ca","23":"product_cat-pais-vasco-ca","24":"product_cat-principado-de-asturias-ca","25":"product_cat-region-de-murcia-ca","26":"pa_asignatura-llengua-castellana-i-literatura-ca","27":"pa_curso-3-eso-ca","28":"pa_format-llibre-text-ca","29":"pa_idioma-castellano-ca","31":"first","32":"instock","33":"taxable","34":"shipping-taxable","35":"purchasable","36":"product-type-simple"},"_links":{"self":[{"href":"https:\/\/web.editorialteide.com\/ca\/wp-json\/wp\/v2\/product\/85131","targetHints":{"allow":["GET"]}}],"collection":[{"href":"https:\/\/web.editorialteide.com\/ca\/wp-json\/wp\/v2\/product"}],"about":[{"href":"https:\/\/web.editorialteide.com\/ca\/wp-json\/wp\/v2\/types\/product"}],"wp:featuredmedia":[{"embeddable":true,"href":"https:\/\/web.editorialteide.com\/ca\/wp-json\/wp\/v2\/media\/126727"}],"wp:attachment":[{"href":"https:\/\/web.editorialteide.com\/ca\/wp-json\/wp\/v2\/media?parent=85131"}],"wp:term":[{"taxonomy":"product_brand","embeddable":true,"href":"https:\/\/web.editorialteide.com\/ca\/wp-json\/wp\/v2\/product_brand?post=85131"},{"taxonomy":"product_cat","embeddable":true,"href":"https:\/\/web.editorialteide.com\/ca\/wp-json\/wp\/v2\/product_cat?post=85131"},{"taxonomy":"product_tag","embeddable":true,"href":"https:\/\/web.editorialteide.com\/ca\/wp-json\/wp\/v2\/product_tag?post=85131"}],"curies":[{"name":"wp","href":"https:\/\/api.w.org\/{rel}","templated":true}]}}