{"id":85173,"date":"2017-05-10T13:52:32","date_gmt":"2017-05-10T12:52:32","guid":{"rendered":"http:\/\/web.editorialteide.com\/producto\/zalacain-el-aventurero-b-t\/"},"modified":"2026-03-02T18:50:36","modified_gmt":"2026-03-02T17:50:36","slug":"zalacain-el-aventurero-b-t","status":"publish","type":"product","link":"https:\/\/web.editorialteide.com\/ca\/producte\/zalacain-el-aventurero-b-t\/","title":{"rendered":"Zalaca\u00edn el aventurero (Biblioteca Teide)"},"content":{"rendered":"<p><i>Zalaca\u00edn el aventurero<\/i> es la tercera de una serie de tres obras de P\u00edo Baroja titulada Tierra vasca. Hoy en d\u00eda es la m\u00e1s popular de sus novelas, junto con El \u00e1rbol de la ciencia, pero ya en \u00e9poca del autor disfrut\u00f3 de una enorme popularidad. De hecho el impacto de la novela fue tal, que se tom\u00f3 la historia que cuenta como verdadera.<\/p>\n<p>P\u00e1ginas: 304. Formato: 19,4 x 14,4 cm<\/p>\n","protected":false},"excerpt":{"rendered":"<p>Zalaca\u00edn el aventurero es la tercera de una serie de tres obras de P\u00edo Baroja titulada Tierra vasca. Hoy en d\u00eda es la m\u00e1s popular de sus novelas, junto con El \u00e1rbol de la ciencia, pero ya en \u00e9poca del autor disfrut\u00f3 de una enorme popularidad. De hecho el impacto de la novela fue tal, &hellip; <a href=\"https:\/\/web.editorialteide.com\/ca\/producte\/zalacain-el-aventurero-b-t\/\">Llegir m\u00e9s<\/a><\/p>\n","protected":false},"featured_media":126843,"template":"","meta":{"_links_to":"","_links_to_target":""},"product_brand":[],"product_cat":[189,190,191,192,193,194,195,196,198,202,197,203,204,205,206,207,208,209,210,211],"product_tag":[],"class_list":{"0":"post-85173","1":"product","2":"type-product","3":"status-publish","4":"has-post-thumbnail","6":"product_cat-andalucia-ca","7":"product_cat-aragon-ca","8":"product_cat-canarias-ca","9":"product_cat-cantabria-ca","10":"product_cat-castilla-la-mancha-ca","11":"product_cat-castilla-y-leon-ca","12":"product_cat-catalunya-ca","13":"product_cat-ceuta-ca","14":"product_cat-comunidad-de-madrid-ca","15":"product_cat-comunidad-de-valencia-ca","16":"product_cat-comunidad-foral-de-navarra-ca","17":"product_cat-extremadura-ca","18":"product_cat-galicia-ca","19":"product_cat-illes-balears-ca","20":"product_cat-la-rioja-ca","21":"product_cat-mec-ca","22":"product_cat-melilla-ca","23":"product_cat-pais-vasco-ca","24":"product_cat-principado-de-asturias-ca","25":"product_cat-region-de-murcia-ca","26":"pa_asignatura-llengua-castellana-i-literatura-ca","27":"pa_curso-2-eso-ca","28":"pa_format-llibre-text-ca","29":"pa_idioma-castellano-ca","31":"first","32":"instock","33":"taxable","34":"shipping-taxable","35":"purchasable","36":"product-type-simple"},"_links":{"self":[{"href":"https:\/\/web.editorialteide.com\/ca\/wp-json\/wp\/v2\/product\/85173","targetHints":{"allow":["GET"]}}],"collection":[{"href":"https:\/\/web.editorialteide.com\/ca\/wp-json\/wp\/v2\/product"}],"about":[{"href":"https:\/\/web.editorialteide.com\/ca\/wp-json\/wp\/v2\/types\/product"}],"wp:featuredmedia":[{"embeddable":true,"href":"https:\/\/web.editorialteide.com\/ca\/wp-json\/wp\/v2\/media\/126843"}],"wp:attachment":[{"href":"https:\/\/web.editorialteide.com\/ca\/wp-json\/wp\/v2\/media?parent=85173"}],"wp:term":[{"taxonomy":"product_brand","embeddable":true,"href":"https:\/\/web.editorialteide.com\/ca\/wp-json\/wp\/v2\/product_brand?post=85173"},{"taxonomy":"product_cat","embeddable":true,"href":"https:\/\/web.editorialteide.com\/ca\/wp-json\/wp\/v2\/product_cat?post=85173"},{"taxonomy":"product_tag","embeddable":true,"href":"https:\/\/web.editorialteide.com\/ca\/wp-json\/wp\/v2\/product_tag?post=85173"}],"curies":[{"name":"wp","href":"https:\/\/api.w.org\/{rel}","templated":true}]}}