{"id":85231,"date":"2017-05-10T13:51:43","date_gmt":"2017-05-10T12:51:43","guid":{"rendered":"http:\/\/web.editorialteide.com\/producto\/romeo-y-julieta-b-t\/"},"modified":"2026-03-02T18:50:17","modified_gmt":"2026-03-02T17:50:17","slug":"romeo-y-julieta-b-t","status":"publish","type":"product","link":"https:\/\/web.editorialteide.com\/ca\/producte\/romeo-y-julieta-b-t\/","title":{"rendered":"Romeo y Julieta (Biblioteca Teide)"},"content":{"rendered":"<p><em>Romeo y Julieta<\/em> es una de las obras m\u00e1s emblem\u00e1ticas de William Shakespeare. Estrenada en 1595, alcanz\u00f3 el \u00e9xito de inmediato, al utilizarse por primera vez el amor como tema central de una tragedia. Desde entonces esta obra ha sido un cl\u00e1sico en la historia del teatro. En la Biblioteca Teide la presentamos en una versi\u00f3n adaptada en prosa con el objetivo de aproximarla a los j\u00f3venes lectores de hoy.<\/p>\n<p>P\u00e1ginas: 224. Formato: 19,4 x 14,4 cm<\/p>\n","protected":false},"excerpt":{"rendered":"<p>Romeo y Julieta es una de las obras m\u00e1s emblem\u00e1ticas de William Shakespeare. Estrenada en 1595, alcanz\u00f3 el \u00e9xito de inmediato, al utilizarse por primera vez el amor como tema central de una tragedia. Desde entonces esta obra ha sido un cl\u00e1sico en la historia del teatro. En la Biblioteca Teide la presentamos en una &hellip; <a href=\"https:\/\/web.editorialteide.com\/ca\/producte\/romeo-y-julieta-b-t\/\">Llegir m\u00e9s<\/a><\/p>\n","protected":false},"featured_media":126870,"template":"","meta":{"_links_to":"","_links_to_target":""},"product_brand":[],"product_cat":[189,190,191,192,193,194,195,196,198,202,197,203,204,205,206,207,208,209,210,211],"product_tag":[],"class_list":{"0":"post-85231","1":"product","2":"type-product","3":"status-publish","4":"has-post-thumbnail","6":"product_cat-andalucia-ca","7":"product_cat-aragon-ca","8":"product_cat-canarias-ca","9":"product_cat-cantabria-ca","10":"product_cat-castilla-la-mancha-ca","11":"product_cat-castilla-y-leon-ca","12":"product_cat-catalunya-ca","13":"product_cat-ceuta-ca","14":"product_cat-comunidad-de-madrid-ca","15":"product_cat-comunidad-de-valencia-ca","16":"product_cat-comunidad-foral-de-navarra-ca","17":"product_cat-extremadura-ca","18":"product_cat-galicia-ca","19":"product_cat-illes-balears-ca","20":"product_cat-la-rioja-ca","21":"product_cat-mec-ca","22":"product_cat-melilla-ca","23":"product_cat-pais-vasco-ca","24":"product_cat-principado-de-asturias-ca","25":"product_cat-region-de-murcia-ca","26":"pa_asignatura-llengua-castellana-i-literatura-ca","27":"pa_curso-3-eso-ca","28":"pa_format-llibre-text-ca","29":"pa_idioma-castellano-ca","31":"first","32":"instock","33":"taxable","34":"shipping-taxable","35":"purchasable","36":"product-type-simple"},"_links":{"self":[{"href":"https:\/\/web.editorialteide.com\/ca\/wp-json\/wp\/v2\/product\/85231","targetHints":{"allow":["GET"]}}],"collection":[{"href":"https:\/\/web.editorialteide.com\/ca\/wp-json\/wp\/v2\/product"}],"about":[{"href":"https:\/\/web.editorialteide.com\/ca\/wp-json\/wp\/v2\/types\/product"}],"wp:featuredmedia":[{"embeddable":true,"href":"https:\/\/web.editorialteide.com\/ca\/wp-json\/wp\/v2\/media\/126870"}],"wp:attachment":[{"href":"https:\/\/web.editorialteide.com\/ca\/wp-json\/wp\/v2\/media?parent=85231"}],"wp:term":[{"taxonomy":"product_brand","embeddable":true,"href":"https:\/\/web.editorialteide.com\/ca\/wp-json\/wp\/v2\/product_brand?post=85231"},{"taxonomy":"product_cat","embeddable":true,"href":"https:\/\/web.editorialteide.com\/ca\/wp-json\/wp\/v2\/product_cat?post=85231"},{"taxonomy":"product_tag","embeddable":true,"href":"https:\/\/web.editorialteide.com\/ca\/wp-json\/wp\/v2\/product_tag?post=85231"}],"curies":[{"name":"wp","href":"https:\/\/api.w.org\/{rel}","templated":true}]}}