{"id":85605,"date":"2017-05-10T13:47:17","date_gmt":"2017-05-10T12:47:17","guid":{"rendered":"http:\/\/web.editorialteide.com\/producto\/com-dominar-el-nivell-catala-per-adults\/"},"modified":"2026-03-02T18:50:54","modified_gmt":"2026-03-02T17:50:54","slug":"com-dominar-el-nivell-catala-per-adults","status":"publish","type":"product","link":"https:\/\/web.editorialteide.com\/ca\/producte\/com-dominar-el-nivell-catala-per-adults\/","title":{"rendered":"Com dominar el nivell C de catal\u00e0"},"content":{"rendered":"<p>El llibre Com dominar el nivell C t\u00e9 com a objectiu permetre al seu usuari d\u2019assolir el nivell de Sufici\u00e8ncia de la Direcci\u00f3 General de Pol\u00edtica Ling\u00fc\u00edstica d\u2019una manera senzilla, pr\u00e0ctica i efica\u00e7. \u00c9s evident, per\u00f2, que ser\u00e0 \u00fatil a tothom que vulgui aprendre catal\u00e0 (des de l\u2019alumnat de les Escoles Oficials d\u2019Idiomes o de les escoles d\u2019adults fins al de secund\u00e0ria que necessiti un material alternatiu).<\/p>\n<h2>Vincles d&#8217;inter\u00e8s<\/h2>\n<h3>Unitat 0<\/h3>\n<ul>\n<li><a href=\"http:\/\/guia.editorialteide.com\/f\/8705d29d4c\/\" target=\"_blank\" rel=\"noopener noreferrer\">Solucionari. Com dominar el nivell C de catal\u00e0<\/a><\/li>\n<li><a href=\"http:\/\/vimeo.com\/50227395\" target=\"_blank\" rel=\"noopener noreferrer\">V\u00eddeo 01 Lectura en veu alta.<\/a><\/li>\n<li><a href=\"http:\/\/vimeo.com\/50227696\" target=\"_blank\" rel=\"noopener noreferrer\">V\u00eddeo 02 Tasca.<\/a><\/li>\n<li><a href=\"http:\/\/vimeo.com\/50227697\" target=\"_blank\" rel=\"noopener noreferrer\">V\u00eddeo 03 Exposici\u00f3.<\/a><\/li>\n<li><a href=\"http:\/\/vimeo.com\/50227698\" target=\"_blank\" rel=\"noopener noreferrer\">V\u00eddeo 04 Lectura en veu alta comentada.<\/a><\/li>\n<li><a href=\"http:\/\/vimeo.com\/50227699\" target=\"_blank\" rel=\"noopener noreferrer\">V\u00eddeo 05 Tasca comentada.<\/a><\/li>\n<li><a href=\"http:\/\/vimeo.com\/50227700\" target=\"_blank\" rel=\"noopener noreferrer\">V\u00eddeo 06 Exposici\u00f3 comentada.<\/a><\/li>\n<\/ul>\n","protected":false},"excerpt":{"rendered":"<p>El llibre Com dominar el nivell C t\u00e9 com a objectiu permetre al seu usuari d\u2019assolir el nivell de Sufici\u00e8ncia de la Direcci\u00f3 General de Pol\u00edtica Ling\u00fc\u00edstica d\u2019una manera senzilla, pr\u00e0ctica i efica\u00e7. \u00c9s evident, per\u00f2, que ser\u00e0 \u00fatil a tothom que vulgui aprendre catal\u00e0 (des de l\u2019alumnat de les Escoles Oficials d\u2019Idiomes o de &hellip; <a href=\"https:\/\/web.editorialteide.com\/ca\/producte\/com-dominar-el-nivell-catala-per-adults\/\">Llegir m\u00e9s<\/a><\/p>\n","protected":false},"featured_media":107347,"template":"","meta":{"_links_to":"","_links_to_target":""},"product_brand":[],"product_cat":[190,195,202,205],"product_tag":[],"class_list":{"0":"post-85605","1":"product","2":"type-product","3":"status-publish","4":"has-post-thumbnail","6":"product_cat-aragon-ca","7":"product_cat-catalunya-ca","8":"product_cat-comunidad-de-valencia-ca","9":"product_cat-illes-balears-ca","10":"pa_asignatura-llengua-catalana-i-literatura-ca","11":"pa_curso-2-bat-ca","12":"pa_format-llibre-text-ca","13":"pa_idioma-catalan-ca","15":"first","16":"instock","17":"sale","18":"taxable","19":"shipping-taxable","20":"purchasable","21":"product-type-simple"},"_links":{"self":[{"href":"https:\/\/web.editorialteide.com\/ca\/wp-json\/wp\/v2\/product\/85605","targetHints":{"allow":["GET"]}}],"collection":[{"href":"https:\/\/web.editorialteide.com\/ca\/wp-json\/wp\/v2\/product"}],"about":[{"href":"https:\/\/web.editorialteide.com\/ca\/wp-json\/wp\/v2\/types\/product"}],"wp:featuredmedia":[{"embeddable":true,"href":"https:\/\/web.editorialteide.com\/ca\/wp-json\/wp\/v2\/media\/107347"}],"wp:attachment":[{"href":"https:\/\/web.editorialteide.com\/ca\/wp-json\/wp\/v2\/media?parent=85605"}],"wp:term":[{"taxonomy":"product_brand","embeddable":true,"href":"https:\/\/web.editorialteide.com\/ca\/wp-json\/wp\/v2\/product_brand?post=85605"},{"taxonomy":"product_cat","embeddable":true,"href":"https:\/\/web.editorialteide.com\/ca\/wp-json\/wp\/v2\/product_cat?post=85605"},{"taxonomy":"product_tag","embeddable":true,"href":"https:\/\/web.editorialteide.com\/ca\/wp-json\/wp\/v2\/product_tag?post=85605"}],"curies":[{"name":"wp","href":"https:\/\/api.w.org\/{rel}","templated":true}]}}