{"id":86213,"date":"2017-05-10T13:40:18","date_gmt":"2017-05-10T13:40:18","guid":{"rendered":"http:\/\/web.editorialteide.com\/producto\/el-passadis-del-bells-records\/"},"modified":"2026-03-02T18:50:14","modified_gmt":"2026-03-02T17:50:14","slug":"el-passadis-del-bells-records","status":"publish","type":"product","link":"https:\/\/web.editorialteide.com\/ca\/producte\/el-passadis-del-bells-records\/","title":{"rendered":"El passad\u00eds dels bells records &#8211; Comprensi\u00f3 lectora 18"},"content":{"rendered":"<p>Quadern de sis\u00e8 curs per al desenvolupament de les estrat\u00e8gies de comprensi\u00f3 lectora.<\/p>\n<p><b>Habilitats lectores treballades:<\/b><\/p>\n<p>Anticipaci\u00f3; Identificaci\u00f3; Organitzaci\u00f3; Precisi\u00f3 ling\u00fc\u00edstica; Atenci\u00f3; Localitzaci\u00f3; Infer\u00e8ncia; Deducci\u00f3; Sentit cr\u00edtic.<\/p>\n<p><b>Activitats desenvolupades:<\/b><\/p>\n<p>Fer una lectura atenta.<\/p>\n<p>Aportar coneixements previs.<\/p>\n<p>Relacionar dades, fets i conceptes.<\/p>\n<p>Ordenar paraules, textos i di\u00e0legs.<\/p>\n<p>Completar textos.<\/p>\n<p>Localitzar informaci\u00f3.<\/p>\n<p>Discriminar la resposta correcta.<\/p>\n<p>Copsar la idea principal d&#8217;un text.<\/p>\n<p>interpretar un di\u00e0leg o un text funcional.<\/p>\n<p>Organitzar informaci\u00f3.<\/p>\n<p>Relacionar informaci\u00f3 per fer deduccions.<\/p>\n<p>Treure conclusions.<\/p>\n<p>Opinar.<\/p>\n<p>Autoavaluaci\u00f3.<\/p>\n","protected":false},"excerpt":{"rendered":"<p>Quadern de sis\u00e8 curs per al desenvolupament de les estrat\u00e8gies de comprensi\u00f3 lectora. Habilitats lectores treballades: Anticipaci\u00f3; Identificaci\u00f3; Organitzaci\u00f3; Precisi\u00f3 ling\u00fc\u00edstica; Atenci\u00f3; Localitzaci\u00f3; Infer\u00e8ncia; Deducci\u00f3; Sentit cr\u00edtic. Activitats desenvolupades: Fer una lectura atenta. Aportar coneixements previs. Relacionar dades, fets i conceptes. Ordenar paraules, textos i di\u00e0legs. Completar textos. Localitzar informaci\u00f3. Discriminar la resposta correcta. Copsar &hellip; <a href=\"https:\/\/web.editorialteide.com\/ca\/producte\/el-passadis-del-bells-records\/\">Llegir m\u00e9s<\/a><\/p>\n","protected":false},"featured_media":112096,"template":"","meta":{"_links_to":"","_links_to_target":""},"product_brand":[],"product_cat":[195,202,205],"product_tag":[],"class_list":{"0":"post-86213","1":"product","2":"type-product","3":"status-publish","4":"has-post-thumbnail","6":"product_cat-catalunya-ca","7":"product_cat-comunidad-de-valencia-ca","8":"product_cat-illes-balears-ca","9":"pa_asignatura-llengua-ca","10":"pa_curso-6-epo-ca","11":"pa_format-quadern-ca","12":"pa_idioma-catalan-ca","14":"first","15":"instock","16":"taxable","17":"shipping-taxable","18":"purchasable","19":"product-type-simple"},"_links":{"self":[{"href":"https:\/\/web.editorialteide.com\/ca\/wp-json\/wp\/v2\/product\/86213","targetHints":{"allow":["GET"]}}],"collection":[{"href":"https:\/\/web.editorialteide.com\/ca\/wp-json\/wp\/v2\/product"}],"about":[{"href":"https:\/\/web.editorialteide.com\/ca\/wp-json\/wp\/v2\/types\/product"}],"wp:featuredmedia":[{"embeddable":true,"href":"https:\/\/web.editorialteide.com\/ca\/wp-json\/wp\/v2\/media\/112096"}],"wp:attachment":[{"href":"https:\/\/web.editorialteide.com\/ca\/wp-json\/wp\/v2\/media?parent=86213"}],"wp:term":[{"taxonomy":"product_brand","embeddable":true,"href":"https:\/\/web.editorialteide.com\/ca\/wp-json\/wp\/v2\/product_brand?post=86213"},{"taxonomy":"product_cat","embeddable":true,"href":"https:\/\/web.editorialteide.com\/ca\/wp-json\/wp\/v2\/product_cat?post=86213"},{"taxonomy":"product_tag","embeddable":true,"href":"https:\/\/web.editorialteide.com\/ca\/wp-json\/wp\/v2\/product_tag?post=86213"}],"curies":[{"name":"wp","href":"https:\/\/api.w.org\/{rel}","templated":true}]}}