{"id":86275,"date":"2017-05-10T13:39:31","date_gmt":"2017-05-10T13:39:31","guid":{"rendered":"http:\/\/web.editorialteide.com\/producto\/ortografia-castellana-c-05-epo\/"},"modified":"2026-03-02T18:50:10","modified_gmt":"2026-03-02T17:50:10","slug":"ortografia-castellana-c-05-epo","status":"publish","type":"product","link":"https:\/\/web.editorialteide.com\/ca\/producte\/ortografia-castellana-c-05-epo\/","title":{"rendered":"ORTOGRAFIA CAS.C.05 EPO"},"content":{"rendered":"<p>Cuaderno de cuarto curso para el trabajo de la ortograf\u00eda castellana.<br \/>\n<br \/><\/br><b>Contenidos:<\/b><br \/>\n<br \/>Acentuaci\u00f3n<br \/>\n<br \/>La exclamaci\u00f3n<br \/>\n<br \/>Dos puntos, puntos suspensivos<br \/>\n<br \/>Terminaciones <i>b \/ v<br \/>\n<br \/>r \/ rr<br \/>\n<br \/>c \/ qu<br \/>\n<br \/>z <\/i>final<br \/>\n<br \/><i>hacer<\/i> y <i>echar<\/i><\/p>\n","protected":false},"excerpt":{"rendered":"<p>Cuaderno de cuarto curso para el trabajo de la ortograf\u00eda castellana. Contenidos: Acentuaci\u00f3n La exclamaci\u00f3n Dos puntos, puntos suspensivos Terminaciones b \/ v r \/ rr c \/ qu z final hacer y echar<\/p>\n","protected":false},"featured_media":157186,"template":"","meta":{"_links_to":"","_links_to_target":""},"product_brand":[],"product_cat":[189,190,191,192,193,194,195,196,198,202,197,203,204,205,206,207,208,209,210,211],"product_tag":[],"class_list":{"0":"post-86275","1":"product","2":"type-product","3":"status-publish","4":"has-post-thumbnail","6":"product_cat-andalucia-ca","7":"product_cat-aragon-ca","8":"product_cat-canarias-ca","9":"product_cat-cantabria-ca","10":"product_cat-castilla-la-mancha-ca","11":"product_cat-castilla-y-leon-ca","12":"product_cat-catalunya-ca","13":"product_cat-ceuta-ca","14":"product_cat-comunidad-de-madrid-ca","15":"product_cat-comunidad-de-valencia-ca","16":"product_cat-comunidad-foral-de-navarra-ca","17":"product_cat-extremadura-ca","18":"product_cat-galicia-ca","19":"product_cat-illes-balears-ca","20":"product_cat-la-rioja-ca","21":"product_cat-mec-ca","22":"product_cat-melilla-ca","23":"product_cat-pais-vasco-ca","24":"product_cat-principado-de-asturias-ca","25":"product_cat-region-de-murcia-ca","26":"pa_asignatura-lengua-castellana-ca","27":"pa_curso-4-epo-ca","28":"pa_format-quadern-ca","30":"first","31":"instock","32":"taxable","33":"shipping-taxable","34":"purchasable","35":"product-type-simple"},"_links":{"self":[{"href":"https:\/\/web.editorialteide.com\/ca\/wp-json\/wp\/v2\/product\/86275","targetHints":{"allow":["GET"]}}],"collection":[{"href":"https:\/\/web.editorialteide.com\/ca\/wp-json\/wp\/v2\/product"}],"about":[{"href":"https:\/\/web.editorialteide.com\/ca\/wp-json\/wp\/v2\/types\/product"}],"wp:featuredmedia":[{"embeddable":true,"href":"https:\/\/web.editorialteide.com\/ca\/wp-json\/wp\/v2\/media\/157186"}],"wp:attachment":[{"href":"https:\/\/web.editorialteide.com\/ca\/wp-json\/wp\/v2\/media?parent=86275"}],"wp:term":[{"taxonomy":"product_brand","embeddable":true,"href":"https:\/\/web.editorialteide.com\/ca\/wp-json\/wp\/v2\/product_brand?post=86275"},{"taxonomy":"product_cat","embeddable":true,"href":"https:\/\/web.editorialteide.com\/ca\/wp-json\/wp\/v2\/product_cat?post=86275"},{"taxonomy":"product_tag","embeddable":true,"href":"https:\/\/web.editorialteide.com\/ca\/wp-json\/wp\/v2\/product_tag?post=86275"}],"curies":[{"name":"wp","href":"https:\/\/api.w.org\/{rel}","templated":true}]}}