{"id":86325,"date":"2017-05-10T13:38:57","date_gmt":"2017-05-10T13:38:57","guid":{"rendered":"http:\/\/web.editorialteide.com\/producto\/auxili-he-de-ser-delegat\/"},"modified":"2026-03-02T18:50:04","modified_gmt":"2026-03-02T17:50:04","slug":"auxili-he-de-ser-delegat","status":"publish","type":"product","link":"https:\/\/web.editorialteide.com\/ca\/producte\/auxili-he-de-ser-delegat\/","title":{"rendered":"Auxili, he de ser delegat! &#8211; Comprensi\u00f3 lectora 10"},"content":{"rendered":"<p>Quadern de quart curs per al desenvolupament de les estrat\u00e8gies de comprensi\u00f3 lectora.<\/p>\n<p><b>Habilitats lectores treballades:<\/b><\/p>\n<p>Anticipaci\u00f3; Identificaci\u00f3; Organitzaci\u00f3; Atenci\u00f3; Localitzaci\u00f3; Reorganitzaci\u00f3; Infer\u00e8ncia; Deducci\u00f3; Sentit cr\u00edtic.<\/p>\n<p><b>Activitats desenvolupades:<\/b><\/p>\n<p>Ordenar, completar o interpretar textos senzills.<\/p>\n<p>Contestar preguntes.<\/p>\n<p>Seguir instruccions.<\/p>\n<p>Localitzar, organitzar o classificar dades segons uns criteris.<\/p>\n<p>Recon\u00e8ixer la idea global d&#8217;un text.<\/p>\n<p>Copsar el sentit d&#8217;un text.<\/p>\n<p>Buscar un concepte clau.<\/p>\n<p>Deduir resultats.<\/p>\n<p>Llegir gr\u00e0fics.<\/p>\n<p>Fer servir un pl\u00e0nol.<\/p>\n<p>Resoldre enigmes, desxifrar missatges i aprendre frases fetes.<\/p>\n<p>Aportar coneixements propis.<\/p>\n<p>Opinar.<\/p>\n<p>Autoavaluaci\u00f3.<\/p>\n","protected":false},"excerpt":{"rendered":"<p>Quadern de quart curs per al desenvolupament de les estrat\u00e8gies de comprensi\u00f3 lectora. Habilitats lectores treballades: Anticipaci\u00f3; Identificaci\u00f3; Organitzaci\u00f3; Atenci\u00f3; Localitzaci\u00f3; Reorganitzaci\u00f3; Infer\u00e8ncia; Deducci\u00f3; Sentit cr\u00edtic. Activitats desenvolupades: Ordenar, completar o interpretar textos senzills. Contestar preguntes. Seguir instruccions. Localitzar, organitzar o classificar dades segons uns criteris. Recon\u00e8ixer la idea global d&#8217;un text. Copsar el sentit &hellip; <a href=\"https:\/\/web.editorialteide.com\/ca\/producte\/auxili-he-de-ser-delegat\/\">Llegir m\u00e9s<\/a><\/p>\n","protected":false},"featured_media":110355,"template":"","meta":{"_links_to":"","_links_to_target":""},"product_brand":[],"product_cat":[195,202,205],"product_tag":[],"class_list":{"0":"post-86325","1":"product","2":"type-product","3":"status-publish","4":"has-post-thumbnail","6":"product_cat-catalunya-ca","7":"product_cat-comunidad-de-valencia-ca","8":"product_cat-illes-balears-ca","9":"pa_asignatura-llengua-ca","10":"pa_curso-4-epo-ca","11":"pa_format-quadern-ca","13":"first","14":"instock","15":"taxable","16":"shipping-taxable","17":"purchasable","18":"product-type-simple"},"_links":{"self":[{"href":"https:\/\/web.editorialteide.com\/ca\/wp-json\/wp\/v2\/product\/86325","targetHints":{"allow":["GET"]}}],"collection":[{"href":"https:\/\/web.editorialteide.com\/ca\/wp-json\/wp\/v2\/product"}],"about":[{"href":"https:\/\/web.editorialteide.com\/ca\/wp-json\/wp\/v2\/types\/product"}],"wp:featuredmedia":[{"embeddable":true,"href":"https:\/\/web.editorialteide.com\/ca\/wp-json\/wp\/v2\/media\/110355"}],"wp:attachment":[{"href":"https:\/\/web.editorialteide.com\/ca\/wp-json\/wp\/v2\/media?parent=86325"}],"wp:term":[{"taxonomy":"product_brand","embeddable":true,"href":"https:\/\/web.editorialteide.com\/ca\/wp-json\/wp\/v2\/product_brand?post=86325"},{"taxonomy":"product_cat","embeddable":true,"href":"https:\/\/web.editorialteide.com\/ca\/wp-json\/wp\/v2\/product_cat?post=86325"},{"taxonomy":"product_tag","embeddable":true,"href":"https:\/\/web.editorialteide.com\/ca\/wp-json\/wp\/v2\/product_tag?post=86325"}],"curies":[{"name":"wp","href":"https:\/\/api.w.org\/{rel}","templated":true}]}}