{"id":86419,"date":"2017-05-10T13:37:51","date_gmt":"2017-05-10T13:37:51","guid":{"rendered":"http:\/\/web.editorialteide.com\/producto\/a-que-juguem\/"},"modified":"2026-03-02T18:49:57","modified_gmt":"2026-03-02T17:49:57","slug":"a-que-juguem","status":"publish","type":"product","link":"https:\/\/web.editorialteide.com\/ca\/producte\/a-que-juguem\/","title":{"rendered":"A qu\u00e8 juguem? &#8211; Comprensi\u00f3 lectora 01"},"content":{"rendered":"<p>Quadern de primer curs per al desenvolupament de les estrat\u00e8gies de comprensi\u00f3 lectora.<\/p>\n<p><b>Habilitats lectores treballades:<\/b><\/p>\n<p>Anticipaci\u00f3; Identificaci\u00f3; Organitzaci\u00f3; Precisi\u00f3 ling\u00fc\u00edstica; Atenci\u00f3; Localitzaci\u00f3; Mem\u00f2ria; Infer\u00e8ncia; Deducci\u00f3.<\/p>\n<p><b>Activitats desenvolupades:<\/b><\/p>\n<p>Aparellar dibuixos i paraules.<\/p>\n<p>Aparellar dibuixos i frases.<\/p>\n<p>Ordenar paraules.<\/p>\n<p>Escriure una frase senzilla per a un dibuix.<\/p>\n<p>Escriure frases amb sentit.<\/p>\n<p>Completar frases.<\/p>\n<p>Seguir instruccions.<\/p>\n<p>Contestar preguntes.<\/p>\n<p>Discriminar la resposta correcta.<\/p>\n<p>Deduir resultats.<\/p>\n<p>Relacionar fets i conceptes.<\/p>\n<p>Resoldre jocs ling\u00fc\u00edstics.<\/p>\n<p>Opinar.<\/p>\n<p>Autoavaluaci\u00f3.<\/p>\n","protected":false},"excerpt":{"rendered":"<p>Quadern de primer curs per al desenvolupament de les estrat\u00e8gies de comprensi\u00f3 lectora. Habilitats lectores treballades: Anticipaci\u00f3; Identificaci\u00f3; Organitzaci\u00f3; Precisi\u00f3 ling\u00fc\u00edstica; Atenci\u00f3; Localitzaci\u00f3; Mem\u00f2ria; Infer\u00e8ncia; Deducci\u00f3. Activitats desenvolupades: Aparellar dibuixos i paraules. Aparellar dibuixos i frases. Ordenar paraules. Escriure una frase senzilla per a un dibuix. Escriure frases amb sentit. Completar frases. Seguir instruccions. Contestar &hellip; <a href=\"https:\/\/web.editorialteide.com\/ca\/producte\/a-que-juguem\/\">Llegir m\u00e9s<\/a><\/p>\n","protected":false},"featured_media":110281,"template":"","meta":{"_links_to":"","_links_to_target":""},"product_brand":[],"product_cat":[195,202,205],"product_tag":[],"class_list":{"0":"post-86419","1":"product","2":"type-product","3":"status-publish","4":"has-post-thumbnail","6":"product_cat-catalunya-ca","7":"product_cat-comunidad-de-valencia-ca","8":"product_cat-illes-balears-ca","9":"pa_asignatura-llengua-ca","10":"pa_curso-1-epo-ca","11":"pa_format-quadern-ca","13":"first","14":"instock","15":"taxable","16":"shipping-taxable","17":"purchasable","18":"product-type-simple"},"_links":{"self":[{"href":"https:\/\/web.editorialteide.com\/ca\/wp-json\/wp\/v2\/product\/86419","targetHints":{"allow":["GET"]}}],"collection":[{"href":"https:\/\/web.editorialteide.com\/ca\/wp-json\/wp\/v2\/product"}],"about":[{"href":"https:\/\/web.editorialteide.com\/ca\/wp-json\/wp\/v2\/types\/product"}],"wp:featuredmedia":[{"embeddable":true,"href":"https:\/\/web.editorialteide.com\/ca\/wp-json\/wp\/v2\/media\/110281"}],"wp:attachment":[{"href":"https:\/\/web.editorialteide.com\/ca\/wp-json\/wp\/v2\/media?parent=86419"}],"wp:term":[{"taxonomy":"product_brand","embeddable":true,"href":"https:\/\/web.editorialteide.com\/ca\/wp-json\/wp\/v2\/product_brand?post=86419"},{"taxonomy":"product_cat","embeddable":true,"href":"https:\/\/web.editorialteide.com\/ca\/wp-json\/wp\/v2\/product_cat?post=86419"},{"taxonomy":"product_tag","embeddable":true,"href":"https:\/\/web.editorialteide.com\/ca\/wp-json\/wp\/v2\/product_tag?post=86419"}],"curies":[{"name":"wp","href":"https:\/\/api.w.org\/{rel}","templated":true}]}}