{"id":86470,"date":"2017-05-10T13:37:16","date_gmt":"2017-05-10T13:37:16","guid":{"rendered":"http:\/\/web.editorialteide.com\/producto\/penso-i-faig-2-q-problemes\/"},"modified":"2026-03-02T18:49:54","modified_gmt":"2026-03-02T17:49:54","slug":"penso-i-faig-2-q-problemes","status":"publish","type":"product","link":"https:\/\/web.editorialteide.com\/ca\/producte\/penso-i-faig-2-q-problemes\/","title":{"rendered":"PENSO I FAIG 2 Q. PROBLEMES"},"content":{"rendered":"<p>Quadern amb estrat\u00e8gies per a la resoluci\u00f3 de problemes. Es treballa amb les operacions:<\/p>\n<p><b>Sumes i restes sense portar amb nombres m\u00e9s petits de 99<\/b>.<\/p>\n","protected":false},"excerpt":{"rendered":"<p>Quadern amb estrat\u00e8gies per a la resoluci\u00f3 de problemes. Es treballa amb les operacions: Sumes i restes sense portar amb nombres m\u00e9s petits de 99.<\/p>\n","protected":false},"featured_media":156848,"template":"","meta":{"_links_to":"","_links_to_target":""},"product_brand":[],"product_cat":[195,202,205],"product_tag":[],"class_list":{"0":"post-86470","1":"product","2":"type-product","3":"status-publish","4":"has-post-thumbnail","6":"product_cat-catalunya-ca","7":"product_cat-comunidad-de-valencia-ca","8":"product_cat-illes-balears-ca","9":"pa_asignatura-matematiques-ca","10":"pa_curso-1-epo-ca","11":"pa_format-quadern-ca","13":"first","14":"instock","15":"taxable","16":"shipping-taxable","17":"purchasable","18":"product-type-simple"},"_links":{"self":[{"href":"https:\/\/web.editorialteide.com\/ca\/wp-json\/wp\/v2\/product\/86470","targetHints":{"allow":["GET"]}}],"collection":[{"href":"https:\/\/web.editorialteide.com\/ca\/wp-json\/wp\/v2\/product"}],"about":[{"href":"https:\/\/web.editorialteide.com\/ca\/wp-json\/wp\/v2\/types\/product"}],"wp:featuredmedia":[{"embeddable":true,"href":"https:\/\/web.editorialteide.com\/ca\/wp-json\/wp\/v2\/media\/156848"}],"wp:attachment":[{"href":"https:\/\/web.editorialteide.com\/ca\/wp-json\/wp\/v2\/media?parent=86470"}],"wp:term":[{"taxonomy":"product_brand","embeddable":true,"href":"https:\/\/web.editorialteide.com\/ca\/wp-json\/wp\/v2\/product_brand?post=86470"},{"taxonomy":"product_cat","embeddable":true,"href":"https:\/\/web.editorialteide.com\/ca\/wp-json\/wp\/v2\/product_cat?post=86470"},{"taxonomy":"product_tag","embeddable":true,"href":"https:\/\/web.editorialteide.com\/ca\/wp-json\/wp\/v2\/product_tag?post=86470"}],"curies":[{"name":"wp","href":"https:\/\/api.w.org\/{rel}","templated":true}]}}